{"id":1049,"date":"2024-02-27T19:42:05","date_gmt":"2024-02-27T18:42:05","guid":{"rendered":"https:\/\/citam.com\/aviso-legal\/"},"modified":"2024-06-03T11:52:51","modified_gmt":"2024-06-03T09:52:51","slug":"aviso-legal","status":"publish","type":"page","link":"https:\/\/citam.com\/ca\/aviso-legal\/","title":{"rendered":"Av\u00eds Legal"},"content":{"rendered":"\t\t<div data-elementor-type=\"wp-page\" data-elementor-id=\"1049\" class=\"elementor elementor-1049 elementor-83\">\n\t\t\t\t<div class=\"elementor-element elementor-element-2e99794 e-flex e-con-boxed e-con e-parent\" data-id=\"2e99794\" data-element_type=\"container\" data-e-type=\"container\">\n\t\t\t\t\t<div class=\"e-con-inner\">\n\t\t\t\t<div class=\"elementor-element elementor-element-833e36a elementor-widget elementor-widget-spacer\" data-id=\"833e36a\" data-element_type=\"widget\" data-e-type=\"widget\" data-widget_type=\"spacer.default\">\n\t\t\t\t<div class=\"elementor-widget-container\">\n\t\t\t\t\t\t\t<div class=\"elementor-spacer\">\n\t\t\t<div class=\"elementor-spacer-inner\"><\/div>\n\t\t<\/div>\n\t\t\t\t\t\t<\/div>\n\t\t\t\t<\/div>\n\t\t\t\t\t<\/div>\n\t\t\t\t<\/div>\n\t\t<div class=\"elementor-element elementor-element-b3aa48d e-flex e-con-boxed e-con e-parent\" data-id=\"b3aa48d\" data-element_type=\"container\" data-e-type=\"container\">\n\t\t\t\t\t<div class=\"e-con-inner\">\n\t\t\t\t<div class=\"elementor-element elementor-element-b68667c columnas-2 elementor-widget elementor-widget-text-editor\" data-id=\"b68667c\" data-element_type=\"widget\" data-e-type=\"widget\" data-widget_type=\"text-editor.default\">\n\t\t\t\t<div class=\"elementor-widget-container\">\n\t\t\t\t\t\t\t\t\t<h2><span style=\"color: #0b4e59;\">Informaci\u00f3 Legal<\/span><\/h2><p>En compliment del que es disposa a l&#8217;article 10 de la Llei 34\/2002, d&#8217;11 de juliol, de Serveis de la Societat de la Informaci\u00f3 i de Comer\u00e7 Electr\u00f2nic, s&#8217;informa que l&#8217;entitat prestadora de Serveis \u00e9s la mercantil Citam Quality Healthcare Services S.L. (d&#8217;ara endavant, Citam), societat amb nacionalitat espanyola i domicili social a Palma, C\/ Cala Bona, 19, 07009 Palma, CIF B56956873, Registre mercantil de Palma, constant en el Tom 3.045, Foli 34, Fulla PM-99260, inscripci\u00f3 1a.<\/p><h2><span style=\"color: #0b4e59;\">Objecte<\/span><\/h2><p>Les presents Condicions d&#8217;\u00das (d&#8217;ara endavant les Condicions) tenen per objecte regular l&#8217;acc\u00e9s, la navegaci\u00f3 i l&#8217;\u00fas de la p\u00e0gina web (d&#8217;ara endavant el Portal, Portal Web, Web o P\u00e0gina Web) del Citam. L&#8217;acc\u00e9s, la navegaci\u00f3 i\/o l&#8217;\u00fas del Portal, impliquen l&#8217;acceptaci\u00f3 de la totalitat de les estipulacions previstes en les presents Condicions, aix\u00ed com de la Pol\u00edtica de Privacitat o Protecci\u00f3 de Dades i la Pol\u00edtica de Cookies.<\/p><p>Existeixen, no obstant aix\u00f2, determinats serveis i continguts accessibles a trav\u00e9s del Portal Web, sotmesos a condicions particulars que poden substituir i\/o complementar les presents Condicions.<\/p><h2><span style=\"color: #0b4e59;\">Condici\u00f3 d&#8217;usuari<\/span><\/h2><p>S&#8217;entendr\u00e0 per Usuari a la persona que accedeixi, navegui i utilitzi el Portal Web, els serveis i\/o els continguts albergats en aquest.<\/p><p>La navegaci\u00f3, acc\u00e9s i \u00fas del Portal Web no requereixen de registre previ, no obstant aix\u00f2, existeixen determinats serveis oferts a trav\u00e9s d&#8217;aquest, l&#8217;acc\u00e9s dels quals estar\u00e0 necess\u00e0riament condicionat al registre i acceptaci\u00f3 de condicions particulars que regiran el referit servei.<\/p><p>L&#8217;acc\u00e9s al Portal Web per part de menors, s&#8217;entendr\u00e0 autoritzat expressament pels seus pares, tutors o els seus representants legals, els qui respondran pels actes que els menors duguin a terme com a Usuaris de la Web d&#8217;acord amb la normativa aplicable.<\/p><h2><span style=\"color: #0b4e59;\">Requisits d&#8217;\u00fas<\/span><\/h2><p>Per a l&#8217;acc\u00e9s al Portal i als serveis que s&#8217;ofereixen, es necessitar\u00e0 un dispositiu que compleixi els requisits de compatibilitat de maquinari i programari (que poden variar al llarg del temps) i acc\u00e9s a Internet. L&#8217;Usuari ser\u00e0 conscient que aquests factors poden influir en el rendiment del Portal Web i\/o en la possibilitat d&#8217;accedir als serveis que s&#8217;ofereixen en aquests.<\/p><p>Citam no \u00e9s responsable de la impossibilitat d&#8217;acc\u00e9s o defici\u00e8ncies en el funcionament del Portal Web i\/o dels serveis oferts a trav\u00e9s d&#8217;aquest per \u00fas de dispositius inadequats, o per interrupcions de servei d&#8217;Internet derivades de saturaci\u00f3 de la xarxa o qualsevol altra ra\u00f3.<\/p><h2><span style=\"color: #0b4e59;\">Normes d&#8217;\u00fas<\/span><\/h2><p><span style=\"color: #0b4e59;\"><strong>\u00das del Servei: <\/strong><\/span>l&#8217;Usuari es compromet en tot cas a utilitzar el Portal i els seus serveis de mode diligent, correcte, l\u00edcit, de conformitat amb la llei, l&#8217;Av\u00eds Legal, les presents Condicions (i\/o les que resultin aplicables en cada cas concret), reglaments d&#8217;\u00fas i instruccions posats en el seu coneixement, aix\u00ed com amb la moral, els bons costums generalment acceptades i l&#8217;ordre p\u00fablic.<\/p><p>A aquest efecte, s&#8217;abstindr\u00e0 de dur a terme qualsevol activitat il\u00b7l\u00edcita, prohibida, o lesiva dels drets i interessos de tercers, o que de qualsevol forma puguin danyar, inutilitzar, sobrecarregar, deteriorar o impedir la normal utilitzaci\u00f3 dels serveis, els equips inform\u00e0tics o els documents, arxius i tota classe de continguts emmagatzemats en qualsevol equip inform\u00e0tic de Citam, d&#8217;altres usuaris o de qualsevol usuari d&#8217;Internet (maquinari i programari).<\/p><p><span style=\"color: #0b4e59;\"><strong>Control d&#8217;Acc\u00e9s:<\/strong><\/span> l&#8217;Usuari podr\u00e0 accedir \u00fanicament a aquells recursos del sistema d&#8217;informaci\u00f3 als quals estigui autoritzat.<\/p><p><span style=\"color: #0b4e59;\"><strong>Fitxers Temporals:<\/strong><\/span> la informaci\u00f3 emmagatzemada en el Portal Web ha de consultar-se sobre els sistemes de Citam sense que aquest pugui considerar-se en cap cas responsable de la informaci\u00f3 que l&#8217;Usuari exporti d&#8217;aquests Sistemes.<\/p><p><span style=\"color: #0b4e59;\"><strong>Condicions d&#8217;\u00fas:<\/strong><\/span> Quan l&#8217;Usuari estigui utilitzant el Portal Web, ser\u00e0 responsable de garantir que la informaci\u00f3 que maneja no pugui ser vista per persones no autoritzades.<\/p><p>L&#8217;Usuari es compromet expressament a no emmagatzemar, utilitzar, transmetre o difondre:<\/p><ul><li>Cracks, n\u00fameros de s\u00e8rie de programes o qualsevol altre contingut que vulneri drets de la propietat intel\u00b7lectual de tercers.<\/li><li>Distribuci\u00f3 de virus a trav\u00e9s d&#8217;Internet, cucs, troians o qualsevol altra activitat destructiva, com a saturaci\u00f3, \u00abmailbombing\u00bb, etc. o atacs de denegaci\u00f3 de servei.<\/li><li>Les activitats que interrompin o interfereixin en l&#8217;\u00fas efectiu dels recursos de xarxa d&#8217;altres persones.<\/li><li>La recollida i\/o utilitzaci\u00f3 de dades personals d&#8217;altres usuaris sense el seu consentiment expr\u00e9s o contravenint el que es disposa en la normativa sobre protecci\u00f3 de dades.<\/li><li>Compartir les claus d&#8217;acc\u00e9s facilitats (per al cas que el mateix estigu\u00e9s registrat com a Usuari d&#8217;un determinat servei que aix\u00ed ho requereixi) amb una altra persona f\u00edsica o jur\u00eddica.<\/li><li>Destruir, alterar, inutilitzar o de qualsevol altra forma danyar les dades, programes o documents electr\u00f2nics de Citam o de tercers.<\/li><li>Obstaculitzar l&#8217;acc\u00e9s d&#8217;altres usuaris mitjan\u00e7ant el consum massiu i injustificat dels recursos inform\u00e0tics a trav\u00e9s dels quals Citam presta qualssevol dels seus serveis, aix\u00ed com realitzar accions que danyin, interrompin o generin errors en aquests sistemes.<\/li><li>Utilitzar el sistema per a intentar accedir a \u00e0rees restringides del servidor, sense la deguda autoritzaci\u00f3 de Citam.<\/li><\/ul><h2><span style=\"color: #0b4e59;\">Propietat Intel\u00b7lectual i Industrial<\/span><\/h2><p>El disseny, imatges, r\u00e8tols, signes distintius, nom comercial, marques, logos, productes i serveis, etc. que cont\u00e9 la Web es troben protegits per la Llei de Propietat Industrial i s\u00f3n propietat de Citam, sense que pugui entendre&#8217;s que l&#8217;\u00fas o acc\u00e9s al Portal Web i\/o als serveis que en el mateix es faciliten, atribueixi a l&#8217;Usuari dret algun sobre el citat disseny, imatges, r\u00e8tols, signes distintius, nom comercial, marques, logos, productes i serveis.<\/p><p>Aix\u00ed mateix, la Web, el seu codi font i els continguts als quals s&#8217;accedeix a trav\u00e9s d&#8217;aquest lloc s\u00f3n Propietat Intel\u00b7lectual de Citam i\/o de tercers, sense que puguin entendre&#8217;s cedits a l&#8217;Usuari en cap sup\u00f2sit.<\/p><p>Citam \u00e9s titular o llicenciatari de tots els drets sobre el contingut del Portal Web i dels serveis oferts a trav\u00e9s d&#8217;aquest. L&#8217;acc\u00e9s a la Web o als seus serveis no atorga als Usuaris dret, ni cap titularitat sobre els drets de propietat intel\u00b7lectual o industrial sobre els Continguts que alberga. L&#8217;Usuari reconeix i accepta que el seu \u00fas queda terminantment prohibit, aix\u00ed com la seva reproducci\u00f3, comunicaci\u00f3 i\/o distribuci\u00f3, modificaci\u00f3, alteraci\u00f3 o descompilaci\u00f3, ja sigui amb finalitats d&#8217;\u00fas personal, privat i no lucratiu o amb finalitats comercials o lucratius.<\/p><p>Citam es reserva la possibilitat d&#8217;exercir les accions judicials que corresponguin contra els Usuaris que violin o infringeixin els drets de propietat intel\u00b7lectual i industrial.<\/p><h2><span style=\"color: #0b4e59;\">Responsabilitat de l&#8217;usuari<\/span><\/h2><p>L&#8217;Usuari ser\u00e0 responsable de:<\/p><ul><li>Mantenir la confidencialitat de les Claus que se li proporcionin, si \u00e9s el cas.<\/li><li>Facilitar informaci\u00f3 correcta a Citam, qualsevol error en les dades facilitades ser\u00e0 de la seva exclusiva responsabilitat. D&#8217;igual manera, l&#8217;Usuari ser\u00e0 responsable de mantenir de forma actualitzada tota aquella informaci\u00f3 que hagi facilitat a Citam, de manera que aquesta respongui, a cada moment, a la situaci\u00f3 real de l&#8217;Usuari.<\/li><li>Els danys i perjudicis que es puguin ocasionar a Citam o a tercers per les dades aportades, a conseq\u00fc\u00e8ncia de la utilitzaci\u00f3 de dades no actualitzades, falsos o que no es corresponen amb la realitat i per la utilitzaci\u00f3 per part de tercers de les claus personals de l&#8217;Usuari.<\/li><li>En el cas que l&#8217;Usuari obtingui c\u00f2pia de les seves dades cl\u00edniques, aquest ser\u00e0 exclusivament responsable de l&#8217;\u00fas i cust\u00f2dia d&#8217;aquesta informaci\u00f3.<\/li><\/ul><h2><span style=\"color: #0b4e59;\">Disponibilitat dels serveis<\/span><\/h2><p>La informaci\u00f3, continguts o els serveis oferts a trav\u00e9s de la Web s\u00f3n els que Citam decideix a cada moment i poden variar al llarg del temps. Per tant, no existeix obligaci\u00f3 de mantenir disponibles els serveis. No obstant aix\u00f2, s&#8217;informar\u00e0 als Usuaris quan decideixi cancel\u00b7lar la continu\u00eftat d&#8217;un determinat servei i les condicions del cessament d&#8217;aquest.<\/p><p>Aix\u00ed mateix, Citam podr\u00e0 anul\u00b7lar l&#8217;acc\u00e9s als serveis, totalment o parcialment, a aquells Usuaris que incompleixin les presents Condicions.<\/p><h2><span style=\"color: #0b4e59;\">Garantia y responsabilitat de Citam<\/span><\/h2><p>Encara que Citam empra sistemes compatibles amb la majoria de les tecnologies existents en el mercat, no pot garantir la compatibilitat dels dispositius emprats per l&#8217;Usuari.<\/p><p>Citam no garanteix la disponibilitat i continu\u00eftat del funcionament del Portal o dels Serveis oferts. Per aix\u00f2, estar\u00e0 exempt de qualsevol responsabilitat derivada de l&#8217;acc\u00e9s i \u00fas de la Web o dels serveis oferts a trav\u00e9s d&#8217;aquesta (fallades en el rendiment, interrupcions o demora en el funcionament dels Servei, fallada del sistema o de la l\u00ednia, etc.), fins i tot encara que es produ\u00eds alguna fallada o mal funcionament que caus\u00e9s danys en eines inform\u00e0tiques de terceres persones. En aquest sentit, l&#8217;Usuari accedeix a la Web i als serveis sota la seva exclusiva responsabilitat.<\/p><p>Els serveis que s&#8217;ofereixen a trav\u00e9s de la P\u00e0gina Web compleixen amb el que es disposa en l&#8217;ordenament jur\u00eddic espanyol.<\/p><p>Citam queda alliberat de qualsevol responsabilitat en cas d&#8217;un \u00fas indegut del Portal i\/o dels serveis per part de l&#8217;Usuari.<\/p><p>Citam no ser\u00e0 responsable en els sup\u00f2sits d&#8217;indisponibilitat dels serveis per causes de for\u00e7a major o suspensi\u00f3 temporal dels mateixos per raons t\u00e8cniques. Per tant, Citam no assumir\u00e0 cap responsabilitat pels danys, p\u00e8rdues que poguessin sofrir a conseq\u00fc\u00e8ncia de successos que no haguessin pogut preveure&#8217;s, o que previstos fossin inevitables, b\u00e9 per cas fortu\u00eft o for\u00e7a major.<\/p><p>Citam no es fa responsable de qualsevol fallada, error t\u00e8cnic, accident, avaria, manipulaci\u00f3, interrupci\u00f3 en els serveis o qualsevol altra incid\u00e8ncia que pogu\u00e9s sorgir en productes, equips o serveis t\u00e8cnics aliens a Citam l&#8217;\u00fas dels quals sigui necessari per a l&#8217;acc\u00e9s als serveis.<\/p><p>A pesar que Citam ha actuat de manera diligent i ha adoptat les mesures necess\u00e0ries, d&#8217;acord amb l&#8217;estat de la tecnologia, per a evitar possibles bretxes en la seguretat del Portal, no es pot garantir la impossibilitat absoluta de vulnerabilitat de les mesures de seguretat adoptades.<\/p><p>Citam no es fa responsable de la legalitat d&#8217;altres llocs web de tercers des dels quals pugui accedir-se al Portal. Citam tampoc respon per la legalitat d&#8217;altres llocs web de tercers, que poguessin estar vinculats o enlla\u00e7ats des d&#8217;aquest Portal.<\/p><p>Citam tractar\u00e0, en la mesura que sigui possible, d&#8217;actualitzar i rectificar aquella informaci\u00f3 allotjada en el seu web. No obstant aix\u00f2, s&#8217;exclou qualsevol responsabilitat pels danys i perjudicis de tota naturalesa que puguin deure&#8217;s a la falta de veracitat, exactitud, exhaustivitat i\/o actualitat dels continguts transmesos, difosos, emmagatzemats, posats a disposici\u00f3, rebuts, obtinguts o als quals s&#8217;hagi accedit a trav\u00e9s de la Web.<\/p><p>Pel que fa a les informacions i continguts relacionats amb la salut, aquests es proporcionen amb mers fins informatius pel que Citam recomana a l&#8217;Usuaris que actu\u00ef sempre sota assessorament m\u00e8dic professional.<\/p><p>L&#8217;Usuari assumeix que en cas de prendre decisions sobre la base de la informaci\u00f3 subministrada en la Web, la responsabilitat ser\u00e0 exclusivament seva, no podent realitzar cap reclamaci\u00f3 a Citam per les conseq\u00fc\u00e8ncies de les decisions preses.<\/p><h2><span style=\"color: #0b4e59;\">Modificaci\u00f3 del contingut y les condicions<\/span><\/h2><p>Citam podr\u00e0 afegir noves funcionalitats a la Web i\/o modificar les actuals Condicions. En aquest cas, es publicar\u00e0 l&#8217;actualitzaci\u00f3 en el Portal perqu\u00e8 l&#8217;Usuari tingui coneixement de qualsevol canvi. Si l&#8217;Usuari no estigu\u00e9s d&#8217;acord amb les noves condicions, disposar\u00e0 d&#8217;un termini de quinze dies naturals des de la comunicaci\u00f3 per a resoldre el contracte mitjan\u00e7ant comunicaci\u00f3 fefaent a Citam. El transcurs del referit termini sense que l&#8217;Usuari hagi manifestat res en contra, implicar\u00e0 la plena acceptaci\u00f3 de les noves condicions.<\/p><h2><span style=\"color: #0b4e59;\">Jurisdicci\u00f3 i legislaci\u00f3 aplicable<\/span><\/h2><p>El present Av\u00eds Legal es regir\u00e0 i interpretar\u00e0 conformement a la legislaci\u00f3 espanyola. Qualsevol controv\u00e8rsia que pogu\u00e9s derivar-se de l&#8217;acc\u00e9s o la utilitzaci\u00f3 de la P\u00e0gina Web se sotmetr\u00e0 a l&#8217;exclusiva jurisdicci\u00f3 dels Jutjats i Tribunals de Palma, sense perjudici que resulti d&#8217;aplicaci\u00f3 alguna disposici\u00f3 imperativa en contra, i en aquest cas s&#8217;estar\u00e0 al contingut d&#8217;aquesta.<\/p>\t\t\t\t\t\t\t\t<\/div>\n\t\t\t\t<\/div>\n\t\t\t\t\t<\/div>\n\t\t\t\t<\/div>\n\t\t\t\t<\/div>\n\t\t","protected":false},"excerpt":{"rendered":"<p>Informaci\u00f3 Legal En compliment del que es disposa a l&#8217;article 10 de la Llei 34\/2002, d&#8217;11 de juliol, de Serveis de la Societat de la Informaci\u00f3 i de Comer\u00e7 Electr\u00f2nic, s&#8217;informa que l&#8217;entitat prestadora de Serveis \u00e9s la mercantil Citam Quality Healthcare Services S.L. (d&#8217;ara endavant, Citam), societat amb nacionalitat espanyola i domicili social a&#8230;<\/p>\n","protected":false},"author":1,"featured_media":756,"parent":0,"menu_order":0,"comment_status":"closed","ping_status":"closed","template":"","meta":{"_uf_show_specific_survey":0,"_uf_disable_surveys":false,"footnotes":""},"class_list":["post-1049","page","type-page","status-publish","has-post-thumbnail","hentry"],"yoast_head":"<!-- This site is optimized with the Yoast SEO plugin v27.4 - https:\/\/yoast.com\/product\/yoast-seo-wordpress\/ -->\n<title>Av\u00eds Legal - Citam<\/title>\n<meta name=\"robots\" content=\"index, follow, max-snippet:-1, max-image-preview:large, max-video-preview:-1\" \/>\n<link rel=\"canonical\" href=\"https:\/\/citam.com\/ca\/aviso-legal\/\" \/>\n<meta property=\"og:locale\" content=\"ca_ES\" \/>\n<meta property=\"og:type\" content=\"article\" \/>\n<meta property=\"og:title\" content=\"Av\u00eds Legal - Citam\" \/>\n<meta property=\"og:description\" content=\"Informaci\u00f3 Legal En compliment del que es disposa a l&#8217;article 10 de la Llei 34\/2002, d&#8217;11 de juliol, de Serveis de la Societat de la Informaci\u00f3 i de Comer\u00e7 Electr\u00f2nic, s&#8217;informa que l&#8217;entitat prestadora de Serveis \u00e9s la mercantil Citam Quality Healthcare Services S.L. (d&#8217;ara endavant, Citam), societat amb nacionalitat espanyola i domicili social a...\" \/>\n<meta property=\"og:url\" content=\"https:\/\/citam.com\/ca\/aviso-legal\/\" \/>\n<meta property=\"og:site_name\" content=\"Citam\" \/>\n<meta property=\"article:modified_time\" content=\"2024-06-03T09:52:51+00:00\" \/>\n<meta property=\"og:image\" content=\"https:\/\/citam.com\/wp-content\/uploads\/2024\/03\/Citam-Aviso-Legal.jpg\" \/>\n\t<meta property=\"og:image:width\" content=\"2200\" \/>\n\t<meta property=\"og:image:height\" content=\"960\" \/>\n\t<meta property=\"og:image:type\" content=\"image\/jpeg\" \/>\n<meta name=\"twitter:card\" content=\"summary_large_image\" \/>\n<meta name=\"twitter:label1\" content=\"Temps estimat de lectura\" \/>\n\t<meta name=\"twitter:data1\" content=\"9 minuts\" \/>\n<script type=\"application\/ld+json\" class=\"yoast-schema-graph\">{\"@context\":\"https:\\\/\\\/schema.org\",\"@graph\":[{\"@type\":\"WebPage\",\"@id\":\"https:\\\/\\\/citam.com\\\/ca\\\/aviso-legal\\\/\",\"url\":\"https:\\\/\\\/citam.com\\\/ca\\\/aviso-legal\\\/\",\"name\":\"Av\u00eds Legal - Citam\",\"isPartOf\":{\"@id\":\"https:\\\/\\\/citam.com\\\/ca\\\/#website\"},\"primaryImageOfPage\":{\"@id\":\"https:\\\/\\\/citam.com\\\/ca\\\/aviso-legal\\\/#primaryimage\"},\"image\":{\"@id\":\"https:\\\/\\\/citam.com\\\/ca\\\/aviso-legal\\\/#primaryimage\"},\"thumbnailUrl\":\"https:\\\/\\\/citam.com\\\/wp-content\\\/uploads\\\/2024\\\/03\\\/Citam-Aviso-Legal.jpg\",\"datePublished\":\"2024-02-27T18:42:05+00:00\",\"dateModified\":\"2024-06-03T09:52:51+00:00\",\"breadcrumb\":{\"@id\":\"https:\\\/\\\/citam.com\\\/ca\\\/aviso-legal\\\/#breadcrumb\"},\"inLanguage\":\"ca\",\"potentialAction\":[{\"@type\":\"ReadAction\",\"target\":[\"https:\\\/\\\/citam.com\\\/ca\\\/aviso-legal\\\/\"]}]},{\"@type\":\"ImageObject\",\"inLanguage\":\"ca\",\"@id\":\"https:\\\/\\\/citam.com\\\/ca\\\/aviso-legal\\\/#primaryimage\",\"url\":\"https:\\\/\\\/citam.com\\\/wp-content\\\/uploads\\\/2024\\\/03\\\/Citam-Aviso-Legal.jpg\",\"contentUrl\":\"https:\\\/\\\/citam.com\\\/wp-content\\\/uploads\\\/2024\\\/03\\\/Citam-Aviso-Legal.jpg\",\"width\":2200,\"height\":960,\"caption\":\"Doctor woman working with medication history records form while sitting at the desk near window in hospital. Medicine and health care concept. Green is main color.\"},{\"@type\":\"BreadcrumbList\",\"@id\":\"https:\\\/\\\/citam.com\\\/ca\\\/aviso-legal\\\/#breadcrumb\",\"itemListElement\":[{\"@type\":\"ListItem\",\"position\":1,\"name\":\"Inici\",\"item\":\"https:\\\/\\\/citam.com\\\/ca\\\/\"},{\"@type\":\"ListItem\",\"position\":2,\"name\":\"Av\u00eds Legal\"}]},{\"@type\":\"WebSite\",\"@id\":\"https:\\\/\\\/citam.com\\\/ca\\\/#website\",\"url\":\"https:\\\/\\\/citam.com\\\/ca\\\/\",\"name\":\"Citam\",\"description\":\"somos un equipo de atenci\u00f3n medica inmediata y sin necesidad de seguro\",\"publisher\":{\"@id\":\"https:\\\/\\\/citam.com\\\/ca\\\/#organization\"},\"alternateName\":\"citam.com\",\"potentialAction\":[{\"@type\":\"SearchAction\",\"target\":{\"@type\":\"EntryPoint\",\"urlTemplate\":\"https:\\\/\\\/citam.com\\\/ca\\\/?s={search_term_string}\"},\"query-input\":{\"@type\":\"PropertyValueSpecification\",\"valueRequired\":true,\"valueName\":\"search_term_string\"}}],\"inLanguage\":\"ca\"},{\"@type\":\"Organization\",\"@id\":\"https:\\\/\\\/citam.com\\\/ca\\\/#organization\",\"name\":\"Citam\",\"url\":\"https:\\\/\\\/citam.com\\\/ca\\\/\",\"logo\":{\"@type\":\"ImageObject\",\"inLanguage\":\"ca\",\"@id\":\"https:\\\/\\\/citam.com\\\/ca\\\/#\\\/schema\\\/logo\\\/image\\\/\",\"url\":\"https:\\\/\\\/citam.com\\\/wp-content\\\/uploads\\\/2024\\\/03\\\/citam-logo-principal.png\",\"contentUrl\":\"https:\\\/\\\/citam.com\\\/wp-content\\\/uploads\\\/2024\\\/03\\\/citam-logo-principal.png\",\"width\":290,\"height\":80,\"caption\":\"Citam\"},\"image\":{\"@id\":\"https:\\\/\\\/citam.com\\\/ca\\\/#\\\/schema\\\/logo\\\/image\\\/\"}}]}<\/script>\n<!-- \/ Yoast SEO plugin. -->","yoast_head_json":{"title":"Av\u00eds Legal - Citam","robots":{"index":"index","follow":"follow","max-snippet":"max-snippet:-1","max-image-preview":"max-image-preview:large","max-video-preview":"max-video-preview:-1"},"canonical":"https:\/\/citam.com\/ca\/aviso-legal\/","og_locale":"ca_ES","og_type":"article","og_title":"Av\u00eds Legal - Citam","og_description":"Informaci\u00f3 Legal En compliment del que es disposa a l&#8217;article 10 de la Llei 34\/2002, d&#8217;11 de juliol, de Serveis de la Societat de la Informaci\u00f3 i de Comer\u00e7 Electr\u00f2nic, s&#8217;informa que l&#8217;entitat prestadora de Serveis \u00e9s la mercantil Citam Quality Healthcare Services S.L. (d&#8217;ara endavant, Citam), societat amb nacionalitat espanyola i domicili social a...","og_url":"https:\/\/citam.com\/ca\/aviso-legal\/","og_site_name":"Citam","article_modified_time":"2024-06-03T09:52:51+00:00","og_image":[{"width":2200,"height":960,"url":"https:\/\/citam.com\/wp-content\/uploads\/2024\/03\/Citam-Aviso-Legal.jpg","type":"image\/jpeg"}],"twitter_card":"summary_large_image","twitter_misc":{"Temps estimat de lectura":"9 minuts"},"schema":{"@context":"https:\/\/schema.org","@graph":[{"@type":"WebPage","@id":"https:\/\/citam.com\/ca\/aviso-legal\/","url":"https:\/\/citam.com\/ca\/aviso-legal\/","name":"Av\u00eds Legal - Citam","isPartOf":{"@id":"https:\/\/citam.com\/ca\/#website"},"primaryImageOfPage":{"@id":"https:\/\/citam.com\/ca\/aviso-legal\/#primaryimage"},"image":{"@id":"https:\/\/citam.com\/ca\/aviso-legal\/#primaryimage"},"thumbnailUrl":"https:\/\/citam.com\/wp-content\/uploads\/2024\/03\/Citam-Aviso-Legal.jpg","datePublished":"2024-02-27T18:42:05+00:00","dateModified":"2024-06-03T09:52:51+00:00","breadcrumb":{"@id":"https:\/\/citam.com\/ca\/aviso-legal\/#breadcrumb"},"inLanguage":"ca","potentialAction":[{"@type":"ReadAction","target":["https:\/\/citam.com\/ca\/aviso-legal\/"]}]},{"@type":"ImageObject","inLanguage":"ca","@id":"https:\/\/citam.com\/ca\/aviso-legal\/#primaryimage","url":"https:\/\/citam.com\/wp-content\/uploads\/2024\/03\/Citam-Aviso-Legal.jpg","contentUrl":"https:\/\/citam.com\/wp-content\/uploads\/2024\/03\/Citam-Aviso-Legal.jpg","width":2200,"height":960,"caption":"Doctor woman working with medication history records form while sitting at the desk near window in hospital. Medicine and health care concept. Green is main color."},{"@type":"BreadcrumbList","@id":"https:\/\/citam.com\/ca\/aviso-legal\/#breadcrumb","itemListElement":[{"@type":"ListItem","position":1,"name":"Inici","item":"https:\/\/citam.com\/ca\/"},{"@type":"ListItem","position":2,"name":"Av\u00eds Legal"}]},{"@type":"WebSite","@id":"https:\/\/citam.com\/ca\/#website","url":"https:\/\/citam.com\/ca\/","name":"Citam","description":"somos un equipo de atenci\u00f3n medica inmediata y sin necesidad de seguro","publisher":{"@id":"https:\/\/citam.com\/ca\/#organization"},"alternateName":"citam.com","potentialAction":[{"@type":"SearchAction","target":{"@type":"EntryPoint","urlTemplate":"https:\/\/citam.com\/ca\/?s={search_term_string}"},"query-input":{"@type":"PropertyValueSpecification","valueRequired":true,"valueName":"search_term_string"}}],"inLanguage":"ca"},{"@type":"Organization","@id":"https:\/\/citam.com\/ca\/#organization","name":"Citam","url":"https:\/\/citam.com\/ca\/","logo":{"@type":"ImageObject","inLanguage":"ca","@id":"https:\/\/citam.com\/ca\/#\/schema\/logo\/image\/","url":"https:\/\/citam.com\/wp-content\/uploads\/2024\/03\/citam-logo-principal.png","contentUrl":"https:\/\/citam.com\/wp-content\/uploads\/2024\/03\/citam-logo-principal.png","width":290,"height":80,"caption":"Citam"},"image":{"@id":"https:\/\/citam.com\/ca\/#\/schema\/logo\/image\/"}}]}},"_links":{"self":[{"href":"https:\/\/citam.com\/ca\/wp-json\/wp\/v2\/pages\/1049","targetHints":{"allow":["GET"]}}],"collection":[{"href":"https:\/\/citam.com\/ca\/wp-json\/wp\/v2\/pages"}],"about":[{"href":"https:\/\/citam.com\/ca\/wp-json\/wp\/v2\/types\/page"}],"author":[{"embeddable":true,"href":"https:\/\/citam.com\/ca\/wp-json\/wp\/v2\/users\/1"}],"replies":[{"embeddable":true,"href":"https:\/\/citam.com\/ca\/wp-json\/wp\/v2\/comments?post=1049"}],"version-history":[{"count":13,"href":"https:\/\/citam.com\/ca\/wp-json\/wp\/v2\/pages\/1049\/revisions"}],"predecessor-version":[{"id":2698,"href":"https:\/\/citam.com\/ca\/wp-json\/wp\/v2\/pages\/1049\/revisions\/2698"}],"wp:featuredmedia":[{"embeddable":true,"href":"https:\/\/citam.com\/ca\/wp-json\/wp\/v2\/media\/756"}],"wp:attachment":[{"href":"https:\/\/citam.com\/ca\/wp-json\/wp\/v2\/media?parent=1049"}],"curies":[{"name":"wp","href":"https:\/\/api.w.org\/{rel}","templated":true}]}}