{"id":1061,"date":"2024-02-27T18:48:02","date_gmt":"2024-02-27T17:48:02","guid":{"rendered":"https:\/\/citam.com\/busqueda-por-sintomas\/"},"modified":"2024-05-20T17:52:10","modified_gmt":"2024-05-20T15:52:10","slug":"busqueda-por-sintomas","status":"publish","type":"page","link":"https:\/\/citam.com\/ca\/busqueda-por-sintomas\/","title":{"rendered":"Cerca per s\u00edmptomes"},"content":{"rendered":"\t\t<div data-elementor-type=\"wp-page\" data-elementor-id=\"1061\" class=\"elementor elementor-1061 elementor-53\">\n\t\t\t\t<div class=\"elementor-element elementor-element-7d2b9a6 e-flex e-con-boxed e-con e-parent\" data-id=\"7d2b9a6\" data-element_type=\"container\" data-e-type=\"container\">\n\t\t\t\t\t<div class=\"e-con-inner\">\n\t\t\t\t<div class=\"elementor-element elementor-element-047fb07 elementor-widget elementor-widget-heading\" data-id=\"047fb07\" data-element_type=\"widget\" data-e-type=\"widget\" data-widget_type=\"heading.default\">\n\t\t\t\t<div class=\"elementor-widget-container\">\n\t\t\t\t\t<h2 class=\"elementor-heading-title elementor-size-default\">Coneixes els teus s\u00edmptomes o un possible diagn\u00f2stic?<\/h2>\t\t\t\t<\/div>\n\t\t\t\t<\/div>\n\t\t\t\t<div class=\"elementor-element elementor-element-592b483 elementor-widget elementor-widget-spacer\" data-id=\"592b483\" data-element_type=\"widget\" data-e-type=\"widget\" data-widget_type=\"spacer.default\">\n\t\t\t\t<div class=\"elementor-widget-container\">\n\t\t\t\t\t\t\t<div class=\"elementor-spacer\">\n\t\t\t<div class=\"elementor-spacer-inner\"><\/div>\n\t\t<\/div>\n\t\t\t\t\t\t<\/div>\n\t\t\t\t<\/div>\n\t\t\t\t<div class=\"elementor-element elementor-element-6b57306 elementor-widget elementor-widget-heading\" data-id=\"6b57306\" data-element_type=\"widget\" data-e-type=\"widget\" data-widget_type=\"heading.default\">\n\t\t\t\t<div class=\"elementor-widget-container\">\n\t\t\t\t\t<h3 class=\"elementor-heading-title elementor-size-default\">Troba al teu especialista!<\/h3>\t\t\t\t<\/div>\n\t\t\t\t<\/div>\n\t\t\t\t<div class=\"elementor-element elementor-element-1f296b6 elementor-widget elementor-widget-spacer\" data-id=\"1f296b6\" data-element_type=\"widget\" data-e-type=\"widget\" data-widget_type=\"spacer.default\">\n\t\t\t\t<div class=\"elementor-widget-container\">\n\t\t\t\t\t\t\t<div class=\"elementor-spacer\">\n\t\t\t<div class=\"elementor-spacer-inner\"><\/div>\n\t\t<\/div>\n\t\t\t\t\t\t<\/div>\n\t\t\t\t<\/div>\n\t\t\t\t<div class=\"elementor-element elementor-element-c1e8e76 elementor-widget elementor-widget-text-editor\" data-id=\"c1e8e76\" data-element_type=\"widget\" data-e-type=\"widget\" data-widget_type=\"text-editor.default\">\n\t\t\t\t<div class=\"elementor-widget-container\">\n\t\t\t\t\t\t\t\t\t<p>Accedeix al nostre cercador de paraules clau.<\/p>\t\t\t\t\t\t\t\t<\/div>\n\t\t\t\t<\/div>\n\t\t\t\t\t<\/div>\n\t\t\t\t<\/div>\n\t\t\t\t<\/div>\n\t\t","protected":false},"excerpt":{"rendered":"<p>Coneixes els teus s\u00edmptomes o un possible diagn\u00f2stic? Troba al teu especialista! Accedeix al nostre cercador de paraules clau.<\/p>\n","protected":false},"author":1,"featured_media":762,"parent":0,"menu_order":0,"comment_status":"closed","ping_status":"closed","template":"page-sintomas.php","meta":{"_uf_show_specific_survey":0,"_uf_disable_surveys":false,"footnotes":""},"class_list":["post-1061","page","type-page","status-publish","has-post-thumbnail","hentry"],"yoast_head":"<!-- This site is optimized with the Yoast SEO plugin v27.4 - https:\/\/yoast.com\/product\/yoast-seo-wordpress\/ -->\n<title>Cerca per s\u00edmptomes - Citam<\/title>\n<meta name=\"robots\" content=\"index, follow, max-snippet:-1, max-image-preview:large, max-video-preview:-1\" \/>\n<link rel=\"canonical\" href=\"https:\/\/citam.com\/ca\/busqueda-por-sintomas\/\" \/>\n<meta property=\"og:locale\" content=\"ca_ES\" \/>\n<meta property=\"og:type\" content=\"article\" \/>\n<meta property=\"og:title\" content=\"Cerca per s\u00edmptomes - Citam\" \/>\n<meta property=\"og:description\" content=\"Coneixes els teus s\u00edmptomes o un possible diagn\u00f2stic? Troba al teu especialista! Accedeix al nostre cercador de paraules clau.\" \/>\n<meta property=\"og:url\" content=\"https:\/\/citam.com\/ca\/busqueda-por-sintomas\/\" \/>\n<meta property=\"og:site_name\" content=\"Citam\" \/>\n<meta property=\"article:modified_time\" content=\"2024-05-20T15:52:10+00:00\" \/>\n<meta property=\"og:image\" content=\"https:\/\/citam.com\/wp-content\/uploads\/2024\/03\/Citam-Buscador-de-Patologias-scaled.jpg\" \/>\n\t<meta property=\"og:image:width\" content=\"2560\" \/>\n\t<meta property=\"og:image:height\" content=\"1117\" \/>\n\t<meta property=\"og:image:type\" content=\"image\/jpeg\" \/>\n<meta name=\"twitter:card\" content=\"summary_large_image\" \/>\n<meta name=\"twitter:label1\" content=\"Temps estimat de lectura\" \/>\n\t<meta name=\"twitter:data1\" content=\"1 minut\" \/>\n<script type=\"application\/ld+json\" class=\"yoast-schema-graph\">{\"@context\":\"https:\\\/\\\/schema.org\",\"@graph\":[{\"@type\":\"WebPage\",\"@id\":\"https:\\\/\\\/citam.com\\\/ca\\\/busqueda-por-sintomas\\\/\",\"url\":\"https:\\\/\\\/citam.com\\\/ca\\\/busqueda-por-sintomas\\\/\",\"name\":\"Cerca per s\u00edmptomes - Citam\",\"isPartOf\":{\"@id\":\"https:\\\/\\\/citam.com\\\/ca\\\/#website\"},\"primaryImageOfPage\":{\"@id\":\"https:\\\/\\\/citam.com\\\/ca\\\/busqueda-por-sintomas\\\/#primaryimage\"},\"image\":{\"@id\":\"https:\\\/\\\/citam.com\\\/ca\\\/busqueda-por-sintomas\\\/#primaryimage\"},\"thumbnailUrl\":\"https:\\\/\\\/citam.com\\\/wp-content\\\/uploads\\\/2024\\\/03\\\/Citam-Buscador-de-Patologias-scaled.jpg\",\"datePublished\":\"2024-02-27T17:48:02+00:00\",\"dateModified\":\"2024-05-20T15:52:10+00:00\",\"breadcrumb\":{\"@id\":\"https:\\\/\\\/citam.com\\\/ca\\\/busqueda-por-sintomas\\\/#breadcrumb\"},\"inLanguage\":\"ca\",\"potentialAction\":[{\"@type\":\"ReadAction\",\"target\":[\"https:\\\/\\\/citam.com\\\/ca\\\/busqueda-por-sintomas\\\/\"]}]},{\"@type\":\"ImageObject\",\"inLanguage\":\"ca\",\"@id\":\"https:\\\/\\\/citam.com\\\/ca\\\/busqueda-por-sintomas\\\/#primaryimage\",\"url\":\"https:\\\/\\\/citam.com\\\/wp-content\\\/uploads\\\/2024\\\/03\\\/Citam-Buscador-de-Patologias-scaled.jpg\",\"contentUrl\":\"https:\\\/\\\/citam.com\\\/wp-content\\\/uploads\\\/2024\\\/03\\\/Citam-Buscador-de-Patologias-scaled.jpg\",\"width\":2560,\"height\":1117,\"caption\":\"Hands of unknown woman-doctor reassuring her female patient, close-up. Medicine concept.\"},{\"@type\":\"BreadcrumbList\",\"@id\":\"https:\\\/\\\/citam.com\\\/ca\\\/busqueda-por-sintomas\\\/#breadcrumb\",\"itemListElement\":[{\"@type\":\"ListItem\",\"position\":1,\"name\":\"Inici\",\"item\":\"https:\\\/\\\/citam.com\\\/ca\\\/\"},{\"@type\":\"ListItem\",\"position\":2,\"name\":\"Cerca per s\u00edmptomes\"}]},{\"@type\":\"WebSite\",\"@id\":\"https:\\\/\\\/citam.com\\\/ca\\\/#website\",\"url\":\"https:\\\/\\\/citam.com\\\/ca\\\/\",\"name\":\"Citam\",\"description\":\"somos un equipo de atenci\u00f3n medica inmediata y sin necesidad de seguro\",\"publisher\":{\"@id\":\"https:\\\/\\\/citam.com\\\/ca\\\/#organization\"},\"alternateName\":\"citam.com\",\"potentialAction\":[{\"@type\":\"SearchAction\",\"target\":{\"@type\":\"EntryPoint\",\"urlTemplate\":\"https:\\\/\\\/citam.com\\\/ca\\\/?s={search_term_string}\"},\"query-input\":{\"@type\":\"PropertyValueSpecification\",\"valueRequired\":true,\"valueName\":\"search_term_string\"}}],\"inLanguage\":\"ca\"},{\"@type\":\"Organization\",\"@id\":\"https:\\\/\\\/citam.com\\\/ca\\\/#organization\",\"name\":\"Citam\",\"url\":\"https:\\\/\\\/citam.com\\\/ca\\\/\",\"logo\":{\"@type\":\"ImageObject\",\"inLanguage\":\"ca\",\"@id\":\"https:\\\/\\\/citam.com\\\/ca\\\/#\\\/schema\\\/logo\\\/image\\\/\",\"url\":\"https:\\\/\\\/citam.com\\\/wp-content\\\/uploads\\\/2024\\\/03\\\/citam-logo-principal.png\",\"contentUrl\":\"https:\\\/\\\/citam.com\\\/wp-content\\\/uploads\\\/2024\\\/03\\\/citam-logo-principal.png\",\"width\":290,\"height\":80,\"caption\":\"Citam\"},\"image\":{\"@id\":\"https:\\\/\\\/citam.com\\\/ca\\\/#\\\/schema\\\/logo\\\/image\\\/\"}}]}<\/script>\n<!-- \/ Yoast SEO plugin. -->","yoast_head_json":{"title":"Cerca per s\u00edmptomes - Citam","robots":{"index":"index","follow":"follow","max-snippet":"max-snippet:-1","max-image-preview":"max-image-preview:large","max-video-preview":"max-video-preview:-1"},"canonical":"https:\/\/citam.com\/ca\/busqueda-por-sintomas\/","og_locale":"ca_ES","og_type":"article","og_title":"Cerca per s\u00edmptomes - Citam","og_description":"Coneixes els teus s\u00edmptomes o un possible diagn\u00f2stic? Troba al teu especialista! Accedeix al nostre cercador de paraules clau.","og_url":"https:\/\/citam.com\/ca\/busqueda-por-sintomas\/","og_site_name":"Citam","article_modified_time":"2024-05-20T15:52:10+00:00","og_image":[{"width":2560,"height":1117,"url":"https:\/\/citam.com\/wp-content\/uploads\/2024\/03\/Citam-Buscador-de-Patologias-scaled.jpg","type":"image\/jpeg"}],"twitter_card":"summary_large_image","twitter_misc":{"Temps estimat de lectura":"1 minut"},"schema":{"@context":"https:\/\/schema.org","@graph":[{"@type":"WebPage","@id":"https:\/\/citam.com\/ca\/busqueda-por-sintomas\/","url":"https:\/\/citam.com\/ca\/busqueda-por-sintomas\/","name":"Cerca per s\u00edmptomes - Citam","isPartOf":{"@id":"https:\/\/citam.com\/ca\/#website"},"primaryImageOfPage":{"@id":"https:\/\/citam.com\/ca\/busqueda-por-sintomas\/#primaryimage"},"image":{"@id":"https:\/\/citam.com\/ca\/busqueda-por-sintomas\/#primaryimage"},"thumbnailUrl":"https:\/\/citam.com\/wp-content\/uploads\/2024\/03\/Citam-Buscador-de-Patologias-scaled.jpg","datePublished":"2024-02-27T17:48:02+00:00","dateModified":"2024-05-20T15:52:10+00:00","breadcrumb":{"@id":"https:\/\/citam.com\/ca\/busqueda-por-sintomas\/#breadcrumb"},"inLanguage":"ca","potentialAction":[{"@type":"ReadAction","target":["https:\/\/citam.com\/ca\/busqueda-por-sintomas\/"]}]},{"@type":"ImageObject","inLanguage":"ca","@id":"https:\/\/citam.com\/ca\/busqueda-por-sintomas\/#primaryimage","url":"https:\/\/citam.com\/wp-content\/uploads\/2024\/03\/Citam-Buscador-de-Patologias-scaled.jpg","contentUrl":"https:\/\/citam.com\/wp-content\/uploads\/2024\/03\/Citam-Buscador-de-Patologias-scaled.jpg","width":2560,"height":1117,"caption":"Hands of unknown woman-doctor reassuring her female patient, close-up. Medicine concept."},{"@type":"BreadcrumbList","@id":"https:\/\/citam.com\/ca\/busqueda-por-sintomas\/#breadcrumb","itemListElement":[{"@type":"ListItem","position":1,"name":"Inici","item":"https:\/\/citam.com\/ca\/"},{"@type":"ListItem","position":2,"name":"Cerca per s\u00edmptomes"}]},{"@type":"WebSite","@id":"https:\/\/citam.com\/ca\/#website","url":"https:\/\/citam.com\/ca\/","name":"Citam","description":"somos un equipo de atenci\u00f3n medica inmediata y sin necesidad de seguro","publisher":{"@id":"https:\/\/citam.com\/ca\/#organization"},"alternateName":"citam.com","potentialAction":[{"@type":"SearchAction","target":{"@type":"EntryPoint","urlTemplate":"https:\/\/citam.com\/ca\/?s={search_term_string}"},"query-input":{"@type":"PropertyValueSpecification","valueRequired":true,"valueName":"search_term_string"}}],"inLanguage":"ca"},{"@type":"Organization","@id":"https:\/\/citam.com\/ca\/#organization","name":"Citam","url":"https:\/\/citam.com\/ca\/","logo":{"@type":"ImageObject","inLanguage":"ca","@id":"https:\/\/citam.com\/ca\/#\/schema\/logo\/image\/","url":"https:\/\/citam.com\/wp-content\/uploads\/2024\/03\/citam-logo-principal.png","contentUrl":"https:\/\/citam.com\/wp-content\/uploads\/2024\/03\/citam-logo-principal.png","width":290,"height":80,"caption":"Citam"},"image":{"@id":"https:\/\/citam.com\/ca\/#\/schema\/logo\/image\/"}}]}},"_links":{"self":[{"href":"https:\/\/citam.com\/ca\/wp-json\/wp\/v2\/pages\/1061","targetHints":{"allow":["GET"]}}],"collection":[{"href":"https:\/\/citam.com\/ca\/wp-json\/wp\/v2\/pages"}],"about":[{"href":"https:\/\/citam.com\/ca\/wp-json\/wp\/v2\/types\/page"}],"author":[{"embeddable":true,"href":"https:\/\/citam.com\/ca\/wp-json\/wp\/v2\/users\/1"}],"replies":[{"embeddable":true,"href":"https:\/\/citam.com\/ca\/wp-json\/wp\/v2\/comments?post=1061"}],"version-history":[{"count":12,"href":"https:\/\/citam.com\/ca\/wp-json\/wp\/v2\/pages\/1061\/revisions"}],"predecessor-version":[{"id":1792,"href":"https:\/\/citam.com\/ca\/wp-json\/wp\/v2\/pages\/1061\/revisions\/1792"}],"wp:featuredmedia":[{"embeddable":true,"href":"https:\/\/citam.com\/ca\/wp-json\/wp\/v2\/media\/762"}],"wp:attachment":[{"href":"https:\/\/citam.com\/ca\/wp-json\/wp\/v2\/media?parent=1061"}],"curies":[{"name":"wp","href":"https:\/\/api.w.org\/{rel}","templated":true}]}}