{"id":1101,"date":"2024-02-27T19:42:30","date_gmt":"2024-02-27T18:42:30","guid":{"rendered":"https:\/\/citam.com\/politica-de-cookies\/"},"modified":"2024-05-31T16:17:53","modified_gmt":"2024-05-31T14:17:53","slug":"politica-de-cookies","status":"publish","type":"page","link":"https:\/\/citam.com\/ca\/politica-de-cookies\/","title":{"rendered":"Pol\u00edtica de Cookies"},"content":{"rendered":"\t\t<div data-elementor-type=\"wp-page\" data-elementor-id=\"1101\" class=\"elementor elementor-1101 elementor-91\">\n\t\t\t\t<div class=\"elementor-element elementor-element-ce296e7 e-flex e-con-boxed e-con e-parent\" data-id=\"ce296e7\" data-element_type=\"container\" data-e-type=\"container\">\n\t\t\t\t\t<div class=\"e-con-inner\">\n\t\t\t\t<div class=\"elementor-element elementor-element-bdcff23 columnas-2 elementor-widget elementor-widget-text-editor\" data-id=\"bdcff23\" data-element_type=\"widget\" data-e-type=\"widget\" data-widget_type=\"text-editor.default\">\n\t\t\t\t<div class=\"elementor-widget-container\">\n\t\t\t\t\t\t\t\t\t<h2><span style=\"color: #0b4e59;\">CITAM QUALITY HEALTHCARE SERVICES S.L. informa sobre l&#8217;\u00fas de les cookies a la seva p\u00e0gina web<\/span><\/h2><p>Les cookies s\u00f3n arxius que es poden descarregar en el seu equip a trav\u00e9s de les p\u00e0gines web. S\u00f3n eines essencials per a la prestaci\u00f3 de serveis de la societat de la informaci\u00f3. Entre altres, permeten a una p\u00e0gina web emmagatzemar i recuperar informaci\u00f3 sobre els h\u00e0bits de navegaci\u00f3 d&#8217;un usuari o del seu equip i, depenent de la informaci\u00f3 obtinguda, es poden utilitzar per a recon\u00e8ixer a l&#8217;usuari i millorar el servei ofert.<\/p><h3><span style=\"color: #0b4e59;\">Tipus de cookies <\/span><\/h3><p>Segons qui sigui l&#8217;entitat que gestioni el domini des d&#8217;on s&#8217;envien les cookies i tracti les dades que s&#8217;obtinguin es poden distingir:<\/p><ul><li><span style=\"color: #0b4e59;\"><strong>Cookies propies:<\/strong><\/span> s\u00f3n aquelles que s&#8217;envien a l&#8217;equip terminal de l&#8217;usuari des d&#8217;un equip o domini gestionat pel propi editor i des del qual es presta el servei sol\u00b7licitat per l&#8217;usuari.<\/li><li><span style=\"color: #0b4e59;\"><strong>Cookies de tercers: <\/strong><\/span>s\u00f3n aquelles que s&#8217;envien a l&#8217;equip terminal de l&#8217;usuari des d&#8217;un equip o domini que no \u00e9s gestionat per l&#8217;editor, sin\u00f3 per una altra entitat que tracta les dades obtingudes trav\u00e9s de les cookies.<\/li><\/ul><p>Segons el termini de temps que romanen activades en l&#8217;equip terminal podem distingir:<\/p><ul><li><span style=\"color: #0b4e59;\"><strong>Cookies de sessi\u00f3:<\/strong><\/span> S\u00f3n un tipus de cookies dissenyades per a recaptar i emmagatzemar dades mentre l&#8217;usuari accedeix a una p\u00e0gina Web. Solen emprar-se per a emmagatzemar informaci\u00f3 que nom\u00e9s interessa conservar per a la prestaci\u00f3 del servei sol\u00b7licitat per l&#8217;usuari en una sola ocasi\u00f3 i caduquen en tancar sessi\u00f3 o tancar el navegador.<\/li><li><span style=\"color: #0b4e59;\"><strong>Cookies persistents: <\/strong><\/span>S\u00f3n un tipus de cookies en el qual les dades segueixen emmagatzemats en el terminal perqu\u00e8 siguin accedits i utilitzats en m\u00e9s d&#8217;una sessi\u00f3. Poden ser accedits i tractats durant un per\u00edode definit pel responsable de la cookie, i que pot anar d&#8217;uns minuts a diversos anys.<\/li><\/ul><p>Segons la finalitat per a la qual es tractin les dades obtingudes a trav\u00e9s de les cookies, aquestes poden ser:<\/p><ul><li><span style=\"color: #0b4e59;\"><strong>Cookies t\u00e8cniques:<\/strong><\/span><br \/>S\u00f3n aquelles que permeten a l&#8217;usuari la navegaci\u00f3 a trav\u00e9s d&#8217;una p\u00e0gina Web, plataforma o p\u00e0gina Web i la utilitzaci\u00f3 de les diferents opcions o serveis que en ella existeixin com, per exemple, controlar el tr\u00e0nsit i la comunicaci\u00f3 de dades, identificar la sessi\u00f3, accedir a parts d&#8217;acc\u00e9s restringit.<\/li><li><span style=\"color: #0b4e59;\"><strong>Cookies de personalitzaci\u00f3:<\/strong><\/span> S\u00f3n aquelles que permeten a l&#8217;usuari accedir al servei amb algunes caracter\u00edstiques de car\u00e0cter general predefinides en funci\u00f3 d&#8217;una s\u00e8rie de criteris en el terminal de l&#8217;usuari com per exemple serien l&#8217;idioma o el tipus de navegador.<\/li><li><span style=\"color: #0b4e59;\"><strong>Cookies d&#8217;anl\u00e0lisis: <\/strong><\/span>S\u00f3n aquelles que permeten al responsable d&#8217;aquestes, el seguiment i an\u00e0lisi del comportament dels usuaris als quals estan vinculades. La informaci\u00f3 recollida mitjan\u00e7ant aquesta mena de cookies s&#8217;utilitza en el mesurament de l&#8217;activitat dels llocs web, P\u00e0gina Web o plataforma i per a l&#8217;elaboraci\u00f3 de perfils de navegaci\u00f3 dels usuaris.<\/li><li><span style=\"color: #0b4e59;\"><strong>Cookies publicit\u00e0ries:<\/strong><\/span> S\u00f3n aquelles que permeten la gesti\u00f3, de la forma m\u00e9s efica\u00e7 possible, dels espais publicitaris.<\/li><li><span style=\"color: #0b4e59;\"><strong>Cookies de publicitat comportamental:<\/strong><\/span> Aquestes cookies emmagatzemen informaci\u00f3 del comportament dels usuaris obtinguda a trav\u00e9s de l&#8217;observaci\u00f3 continuada dels seus h\u00e0bits de navegaci\u00f3, la qual cosa permet desenvolupar un perfil espec\u00edfic per a mostrar publicitat en funci\u00f3 d&#8217;aquest.<\/li><\/ul><p>Per a m\u00e9s informaci\u00f3 referent a aix\u00f2 pot consultar la Guia sobre l&#8217;\u00fas de les cookies de l&#8217;Ag\u00e8ncia Espanyola de Protecci\u00f3 de Dades.<\/p><h3><span style=\"color: #0b4e59;\">Cookies utilitzades a la web<\/span><\/h3><p>A continuaci\u00f3, s&#8217;identifiquen les cookies que estan sent utilitzades en aquest portal, aix\u00ed com la seva tipologia i funci\u00f3:<\/p><p>La p\u00e0gina web de CITAM utilitza Google Analytics , un servei d&#8217;an\u00e0lisi d&#8217;accessos web desenvolupada per Google, que permet el mesurament i an\u00e0lisi de la navegaci\u00f3 a les p\u00e0gines web. Segons la tipologia anterior es tracta de cookies pr\u00f2pies, de sessi\u00f3 i d&#8217;an\u00e0lisi. Pot trobar m\u00e9s informaci\u00f3 sobre aquest tema i inhabilitar l&#8217;\u00fas d&#8217;aquestes cookies<br \/><a href=\"http:\/\/www.google.es\/intl\/es\/analytics\/privacyoverview.html\" target=\"_blank\" rel=\"noopener\">www.google.es\/intl\/es\/analytics\/privacyoverview.html<\/a> .<\/p><p>A trav\u00e9s de l&#8217;anal\u00edtica web s&#8217;obt\u00e9 informaci\u00f3 relativa al nombre d&#8217;usuaris que accedeixen a la web, el nombre de p\u00e0gines vistes, la freq\u00fc\u00e8ncia i repetici\u00f3 de les visites, la seva durada, el navegador utilitzat, l&#8217;operador que presta el servei, l&#8217;idioma, el terminal que utilitza, o la ciutat a la qual est\u00e0 assignada la seva adre\u00e7a IP. Informaci\u00f3 que possibilita un millor i m\u00e9s apropiat servei per part d&#8217;aquest portal.<\/p><h3><span style=\"color: #0b4e59;\">Com modificar la configuraci\u00f3 de les cookies<\/span><\/h3><p>Vost\u00e8 pot restringir, bloquejar o esborrar les cookies de *CITAM o qualsevol altra p\u00e0gina web, utilitzant el seu navegador. En cada navegador l&#8217;operativa \u00e9s diferent, la funci\u00f3 de \u2018Ajuda\u2019 li mostrar\u00e0 com fer-ho.<\/p><ul><li><span style=\"color: #0b4e59;\"><strong>Internet Explorer: <\/strong><\/span><a href=\"http:\/\/windows.microsoft.com\/es-xl\/internet-explorer\/delete-manage-cookies#ie=ie-10\" target=\"_blank\" rel=\"noopener\">windows.microsoft.com\/es-xl\/internet-explorer\/delete-manage-cookies#ie=ie-10<\/a><\/li><li><span style=\"color: #0b4e59;\"><strong>FireFox: <\/strong><\/span><a href=\"http:\/\/support.mozilla.org\/es\/kb\/Borrar%20cookies\" target=\"_blank\" rel=\"noopener\">support.mozilla.org\/es\/kb\/Borrar%20cookies<\/a><\/li><li><span style=\"color: #0b4e59;\"><strong>Chrome: <\/strong><\/span><a href=\"http:\/\/support.google.com\/chrome\/answer\/95647?hl=es\" target=\"_blank\" rel=\"noopener\">support.google.com\/chrome\/answer\/95647?hl=es<\/a><\/li><li><span style=\"color: #0b4e59;\"><strong>Safari: <\/strong><\/span><a href=\"http:\/\/www.apple.com\/es\/privacy\/use-of-cookies\/\" target=\"_blank\" rel=\"noopener\">www.apple.com\/es\/privacy\/use-of-cookies\/<\/a><\/li><\/ul><p>A m\u00e9s, tamb\u00e9 pot gestionar el magatzem de cookies en el seu navegador a trav\u00e9s d&#8217;eines com les seg\u00fcents:<\/p><ul><li><span style=\"color: #0b4e59;\"><strong>Ghostery: <\/strong><\/span><a href=\"http:\/\/www.ghostery.com\/\" target=\"_blank\" rel=\"noopener\">www.ghostery.com\/<\/a><\/li><li><span style=\"color: #0b4e59;\"><strong>Your online choices: <\/strong><\/span><a href=\"http:\/\/www.youronlinechoices.com\/es\/\" target=\"_blank\" rel=\"noopener\">www.youronlinechoices.com\/es\/<\/a><\/li><\/ul>\t\t\t\t\t\t\t\t<\/div>\n\t\t\t\t<\/div>\n\t\t\t\t\t<\/div>\n\t\t\t\t<\/div>\n\t\t\t\t<\/div>\n\t\t","protected":false},"excerpt":{"rendered":"<p>CITAM QUALITY HEALTHCARE SERVICES S.L. informa sobre l&#8217;\u00fas de les cookies a la seva p\u00e0gina web Les cookies s\u00f3n arxius que es poden descarregar en el seu equip a trav\u00e9s de les p\u00e0gines web. S\u00f3n eines essencials per a la prestaci\u00f3 de serveis de la societat de la informaci\u00f3. Entre altres, permeten a una p\u00e0gina&#8230;<\/p>\n","protected":false},"author":1,"featured_media":0,"parent":0,"menu_order":0,"comment_status":"closed","ping_status":"closed","template":"","meta":{"_uf_show_specific_survey":0,"_uf_disable_surveys":false,"footnotes":""},"class_list":["post-1101","page","type-page","status-publish","hentry"],"yoast_head":"<!-- This site is optimized with the Yoast SEO plugin v27.4 - https:\/\/yoast.com\/product\/yoast-seo-wordpress\/ -->\n<title>Pol\u00edtica de Cookies - Citam<\/title>\n<meta name=\"robots\" content=\"index, follow, max-snippet:-1, max-image-preview:large, max-video-preview:-1\" \/>\n<link rel=\"canonical\" href=\"https:\/\/citam.com\/ca\/politica-de-cookies\/\" \/>\n<meta property=\"og:locale\" content=\"ca_ES\" \/>\n<meta property=\"og:type\" content=\"article\" \/>\n<meta property=\"og:title\" content=\"Pol\u00edtica de Cookies - Citam\" \/>\n<meta property=\"og:description\" content=\"CITAM QUALITY HEALTHCARE SERVICES S.L. informa sobre l&#8217;\u00fas de les cookies a la seva p\u00e0gina web Les cookies s\u00f3n arxius que es poden descarregar en el seu equip a trav\u00e9s de les p\u00e0gines web. S\u00f3n eines essencials per a la prestaci\u00f3 de serveis de la societat de la informaci\u00f3. Entre altres, permeten a una p\u00e0gina...\" \/>\n<meta property=\"og:url\" content=\"https:\/\/citam.com\/ca\/politica-de-cookies\/\" \/>\n<meta property=\"og:site_name\" content=\"Citam\" \/>\n<meta property=\"article:modified_time\" content=\"2024-05-31T14:17:53+00:00\" \/>\n<meta property=\"og:image\" content=\"https:\/\/citam.com\/wp-content\/uploads\/2024\/02\/favicon.png\" \/>\n\t<meta property=\"og:image:width\" content=\"600\" \/>\n\t<meta property=\"og:image:height\" content=\"600\" \/>\n\t<meta property=\"og:image:type\" content=\"image\/png\" \/>\n<meta name=\"twitter:card\" content=\"summary_large_image\" \/>\n<meta name=\"twitter:label1\" content=\"Temps estimat de lectura\" \/>\n\t<meta name=\"twitter:data1\" content=\"5 minuts\" \/>\n<script type=\"application\/ld+json\" class=\"yoast-schema-graph\">{\"@context\":\"https:\\\/\\\/schema.org\",\"@graph\":[{\"@type\":\"WebPage\",\"@id\":\"https:\\\/\\\/citam.com\\\/ca\\\/politica-de-cookies\\\/\",\"url\":\"https:\\\/\\\/citam.com\\\/ca\\\/politica-de-cookies\\\/\",\"name\":\"Pol\u00edtica de Cookies - Citam\",\"isPartOf\":{\"@id\":\"https:\\\/\\\/citam.com\\\/ca\\\/#website\"},\"datePublished\":\"2024-02-27T18:42:30+00:00\",\"dateModified\":\"2024-05-31T14:17:53+00:00\",\"breadcrumb\":{\"@id\":\"https:\\\/\\\/citam.com\\\/ca\\\/politica-de-cookies\\\/#breadcrumb\"},\"inLanguage\":\"ca\",\"potentialAction\":[{\"@type\":\"ReadAction\",\"target\":[\"https:\\\/\\\/citam.com\\\/ca\\\/politica-de-cookies\\\/\"]}]},{\"@type\":\"BreadcrumbList\",\"@id\":\"https:\\\/\\\/citam.com\\\/ca\\\/politica-de-cookies\\\/#breadcrumb\",\"itemListElement\":[{\"@type\":\"ListItem\",\"position\":1,\"name\":\"Inici\",\"item\":\"https:\\\/\\\/citam.com\\\/ca\\\/\"},{\"@type\":\"ListItem\",\"position\":2,\"name\":\"Pol\u00edtica de Cookies\"}]},{\"@type\":\"WebSite\",\"@id\":\"https:\\\/\\\/citam.com\\\/ca\\\/#website\",\"url\":\"https:\\\/\\\/citam.com\\\/ca\\\/\",\"name\":\"Citam\",\"description\":\"somos un equipo de atenci\u00f3n medica inmediata y sin necesidad de seguro\",\"publisher\":{\"@id\":\"https:\\\/\\\/citam.com\\\/ca\\\/#organization\"},\"alternateName\":\"citam.com\",\"potentialAction\":[{\"@type\":\"SearchAction\",\"target\":{\"@type\":\"EntryPoint\",\"urlTemplate\":\"https:\\\/\\\/citam.com\\\/ca\\\/?s={search_term_string}\"},\"query-input\":{\"@type\":\"PropertyValueSpecification\",\"valueRequired\":true,\"valueName\":\"search_term_string\"}}],\"inLanguage\":\"ca\"},{\"@type\":\"Organization\",\"@id\":\"https:\\\/\\\/citam.com\\\/ca\\\/#organization\",\"name\":\"Citam\",\"url\":\"https:\\\/\\\/citam.com\\\/ca\\\/\",\"logo\":{\"@type\":\"ImageObject\",\"inLanguage\":\"ca\",\"@id\":\"https:\\\/\\\/citam.com\\\/ca\\\/#\\\/schema\\\/logo\\\/image\\\/\",\"url\":\"https:\\\/\\\/citam.com\\\/wp-content\\\/uploads\\\/2024\\\/03\\\/citam-logo-principal.png\",\"contentUrl\":\"https:\\\/\\\/citam.com\\\/wp-content\\\/uploads\\\/2024\\\/03\\\/citam-logo-principal.png\",\"width\":290,\"height\":80,\"caption\":\"Citam\"},\"image\":{\"@id\":\"https:\\\/\\\/citam.com\\\/ca\\\/#\\\/schema\\\/logo\\\/image\\\/\"}}]}<\/script>\n<!-- \/ Yoast SEO plugin. -->","yoast_head_json":{"title":"Pol\u00edtica de Cookies - Citam","robots":{"index":"index","follow":"follow","max-snippet":"max-snippet:-1","max-image-preview":"max-image-preview:large","max-video-preview":"max-video-preview:-1"},"canonical":"https:\/\/citam.com\/ca\/politica-de-cookies\/","og_locale":"ca_ES","og_type":"article","og_title":"Pol\u00edtica de Cookies - Citam","og_description":"CITAM QUALITY HEALTHCARE SERVICES S.L. informa sobre l&#8217;\u00fas de les cookies a la seva p\u00e0gina web Les cookies s\u00f3n arxius que es poden descarregar en el seu equip a trav\u00e9s de les p\u00e0gines web. S\u00f3n eines essencials per a la prestaci\u00f3 de serveis de la societat de la informaci\u00f3. Entre altres, permeten a una p\u00e0gina...","og_url":"https:\/\/citam.com\/ca\/politica-de-cookies\/","og_site_name":"Citam","article_modified_time":"2024-05-31T14:17:53+00:00","og_image":[{"width":600,"height":600,"url":"https:\/\/citam.com\/wp-content\/uploads\/2024\/02\/favicon.png","type":"image\/png"}],"twitter_card":"summary_large_image","twitter_misc":{"Temps estimat de lectura":"5 minuts"},"schema":{"@context":"https:\/\/schema.org","@graph":[{"@type":"WebPage","@id":"https:\/\/citam.com\/ca\/politica-de-cookies\/","url":"https:\/\/citam.com\/ca\/politica-de-cookies\/","name":"Pol\u00edtica de Cookies - Citam","isPartOf":{"@id":"https:\/\/citam.com\/ca\/#website"},"datePublished":"2024-02-27T18:42:30+00:00","dateModified":"2024-05-31T14:17:53+00:00","breadcrumb":{"@id":"https:\/\/citam.com\/ca\/politica-de-cookies\/#breadcrumb"},"inLanguage":"ca","potentialAction":[{"@type":"ReadAction","target":["https:\/\/citam.com\/ca\/politica-de-cookies\/"]}]},{"@type":"BreadcrumbList","@id":"https:\/\/citam.com\/ca\/politica-de-cookies\/#breadcrumb","itemListElement":[{"@type":"ListItem","position":1,"name":"Inici","item":"https:\/\/citam.com\/ca\/"},{"@type":"ListItem","position":2,"name":"Pol\u00edtica de Cookies"}]},{"@type":"WebSite","@id":"https:\/\/citam.com\/ca\/#website","url":"https:\/\/citam.com\/ca\/","name":"Citam","description":"somos un equipo de atenci\u00f3n medica inmediata y sin necesidad de seguro","publisher":{"@id":"https:\/\/citam.com\/ca\/#organization"},"alternateName":"citam.com","potentialAction":[{"@type":"SearchAction","target":{"@type":"EntryPoint","urlTemplate":"https:\/\/citam.com\/ca\/?s={search_term_string}"},"query-input":{"@type":"PropertyValueSpecification","valueRequired":true,"valueName":"search_term_string"}}],"inLanguage":"ca"},{"@type":"Organization","@id":"https:\/\/citam.com\/ca\/#organization","name":"Citam","url":"https:\/\/citam.com\/ca\/","logo":{"@type":"ImageObject","inLanguage":"ca","@id":"https:\/\/citam.com\/ca\/#\/schema\/logo\/image\/","url":"https:\/\/citam.com\/wp-content\/uploads\/2024\/03\/citam-logo-principal.png","contentUrl":"https:\/\/citam.com\/wp-content\/uploads\/2024\/03\/citam-logo-principal.png","width":290,"height":80,"caption":"Citam"},"image":{"@id":"https:\/\/citam.com\/ca\/#\/schema\/logo\/image\/"}}]}},"_links":{"self":[{"href":"https:\/\/citam.com\/ca\/wp-json\/wp\/v2\/pages\/1101","targetHints":{"allow":["GET"]}}],"collection":[{"href":"https:\/\/citam.com\/ca\/wp-json\/wp\/v2\/pages"}],"about":[{"href":"https:\/\/citam.com\/ca\/wp-json\/wp\/v2\/types\/page"}],"author":[{"embeddable":true,"href":"https:\/\/citam.com\/ca\/wp-json\/wp\/v2\/users\/1"}],"replies":[{"embeddable":true,"href":"https:\/\/citam.com\/ca\/wp-json\/wp\/v2\/comments?post=1101"}],"version-history":[{"count":22,"href":"https:\/\/citam.com\/ca\/wp-json\/wp\/v2\/pages\/1101\/revisions"}],"predecessor-version":[{"id":2230,"href":"https:\/\/citam.com\/ca\/wp-json\/wp\/v2\/pages\/1101\/revisions\/2230"}],"wp:attachment":[{"href":"https:\/\/citam.com\/ca\/wp-json\/wp\/v2\/media?parent=1101"}],"curies":[{"name":"wp","href":"https:\/\/api.w.org\/{rel}","templated":true}]}}