{"id":1116,"date":"2024-04-10T09:31:44","date_gmt":"2024-04-10T07:31:44","guid":{"rendered":"https:\/\/citam.com\/quienes-somos\/"},"modified":"2026-01-28T09:50:34","modified_gmt":"2026-01-28T08:50:34","slug":"quienes-somos","status":"publish","type":"page","link":"https:\/\/citam.com\/ca\/quienes-somos\/","title":{"rendered":"Qui Som"},"content":{"rendered":"\t\t<div data-elementor-type=\"wp-page\" data-elementor-id=\"1116\" class=\"elementor elementor-1116 elementor-879\">\n\t\t\t\t<div class=\"elementor-element elementor-element-2e99794 elementor-hidden-mobile e-flex e-con-boxed e-con e-parent\" data-id=\"2e99794\" data-element_type=\"container\" data-e-type=\"container\">\n\t\t\t\t\t<div class=\"e-con-inner\">\n\t\t\t\t<div class=\"elementor-element elementor-element-833e36a elementor-widget elementor-widget-spacer\" data-id=\"833e36a\" data-element_type=\"widget\" data-e-type=\"widget\" data-widget_type=\"spacer.default\">\n\t\t\t\t<div class=\"elementor-widget-container\">\n\t\t\t\t\t\t\t<div class=\"elementor-spacer\">\n\t\t\t<div class=\"elementor-spacer-inner\"><\/div>\n\t\t<\/div>\n\t\t\t\t\t\t<\/div>\n\t\t\t\t<\/div>\n\t\t\t\t\t<\/div>\n\t\t\t\t<\/div>\n\t\t<div class=\"elementor-element elementor-element-b3aa48d e-flex e-con-boxed e-con e-parent\" data-id=\"b3aa48d\" data-element_type=\"container\" data-e-type=\"container\">\n\t\t\t\t\t<div class=\"e-con-inner\">\n\t\t\t\t<div class=\"elementor-element elementor-element-b68667c columnas-2 elementor-widget elementor-widget-text-editor\" data-id=\"b68667c\" data-element_type=\"widget\" data-e-type=\"widget\" data-widget_type=\"text-editor.default\">\n\t\t\t\t<div class=\"elementor-widget-container\">\n\t\t\t\t\t\t\t\t\t<h2><span style=\"color: #0b4e59;\">Defensem el vostre dret a l&#8217;assist\u00e8ncia sanit\u00e0ria<\/span><\/h2><p style=\"text-align: justify;\"><span style=\"color: #004f59;\"><strong>Citam<\/strong><\/span> est\u00e0 format per un equip interdisciplinari que combina les tres \u00e0rees clau necess\u00e0ries per guanyar el vostre cas. No som nom\u00e9s advocats; som els vostres defensors i els vostres assessors m\u00e8dics i legals.<\/p><ul><li style=\"text-align: justify;\"><strong>El nostre equip interdisciplinari per a l&#8217;\u00e8xit<\/strong><\/li><li style=\"text-align: justify;\"><strong>La nostra experi\u00e8ncia \u00e9s clau per al vostre cas<\/strong><\/li><\/ul><p style=\"text-align: justify;\"><strong>Advocats especialitzats<\/strong>, experts en dret sanitari, procediment civil, contenci\u00f3s administratiu i dret penal. Negocien i litiguen per aconseguir la vostra indemnitzaci\u00f3.<\/p><p style=\"text-align: justify;\"><strong>Perits m\u00e8dics:<\/strong> metges en exercici de diverses especialitats que auditen la vostra hist\u00f2ria cl\u00ednica i identifiquen objectivament la neglig\u00e8ncia m\u00e8dica.<\/p><p style=\"text-align: justify;\"><strong>Administradors i especialistes en documentaci\u00f3:<\/strong> professionals responsables de compilar, organitzar i sol\u00b7licitar la vostra hist\u00f2ria cl\u00ednica completa, un pas crucial i feixuc.<\/p><p style=\"text-align: justify;\"><strong>Ens especialitzem en neglig\u00e8ncia m\u00e8dica i retards en el tractament a causa de les llistes d&#8217;espera.<\/strong><\/p><p style=\"text-align: justify;\">Si creieu que heu patit danys a causa d&#8217;un tractament m\u00e8dic incorrecte, us podem ajudar.<\/p><h2><span style=\"color: #0b4e59;\">La teva atenci\u00f3 m\u00e8dica immediata i sense necessitat d&#8217;asseguran\u00e7a<\/span><\/h2><p>Des de\u00a0<strong><span style=\"color: #0b4e59;\">Citam<\/span><\/strong>\u00a0volem ajudar-te i aconsellar-te perqu\u00e8 obtinguis una cita m\u00e8dica de forma r\u00e0pida amb professionals de confian\u00e7a.<\/p><p>El <span style=\"color: #0b4e59;\"><strong>nostre equip<\/strong><\/span> \u00e9s expert en el sector sanitari, la qual cosa ens permet con\u00e8ixer les necessitats dels pacients i ajudar-los a buscar als millors especialistes.<\/p><p><span style=\"color: #0b4e59;\"><strong>Et preocupa la teva salut o la dels teus?<\/strong><\/span> Posa&#8217;t en contacte amb nosaltres a trav\u00e9s de qualsevol dels nostres canals, t&#8217;ajudarem a trobar el professional adequat en cada cas i et gestionarem una cita adaptada a les teves necessitats.<\/p><p>A <span style=\"color: #0b4e59;\"><strong>Citam<\/strong><\/span>\u00a0ens adaptem a les teves necessitats i prefer\u00e8ncies per a estar en contacte amb tu i ajudar-te a buscar el professional que millor s&#8217;adapti al teu cas.<\/p><p>Realitzarem la <span style=\"color: #0b4e59;\"><strong>gesti\u00f3 integral<\/strong><strong> d&#8217;una cita<\/strong><\/span> amb el professional que millor encaix segons les teves necessitats tant cl\u00edniques com personals.<\/p><p>Oferim 4 tipus de cita, segons la urg\u00e8ncia que necessitis:<\/p><p><strong><span style=\"color: #0b4e59;\">\u2022 Immediata:<\/span><\/strong> atenci\u00f3 en 1 dia.<br \/><span style=\"color: #0b4e59;\"><strong>\u2022 Preferent:<\/strong><\/span> atenci\u00f3 fins a 3 dies h\u00e0bils.<br \/><span style=\"color: #0b4e59;\"><strong>\u2022 \u00c0gil:<\/strong><\/span> atenci\u00f3 de 4 a 10 dies h\u00e0bils.<br \/><span style=\"color: #0b4e59;\"><strong>\u2022 Est\u00e0ndard:<\/strong><\/span> atenci\u00f3 des de 10 dies h\u00e0bils.<\/p><p>Pots consultar el detall i aconseguir la teva cita a l&#8217;apartat de professionals o posant-te en contacte amb nosaltres per el canal que et sigui m\u00e9s c\u00f2mode:<\/p><p><span style=\"color: #0b4e59;\"><strong>\u2022 <\/strong><\/span> Envia&#8217;ns un <span style=\"color: #0b4e59;\"><strong>correu electr\u00f2nic<\/strong><\/span> a <span style=\"color: #0b4e59;\"><strong>sau@citam.com<\/strong><\/span><br \/><span style=\"color: #0b4e59;\"><strong>\u2022 <\/strong><\/span> Tamb\u00e9 pots emplenar qualsevol <span style=\"color: #0b4e59;\"><strong>formulari<\/strong><\/span> d&#8217;aquesta <span style=\"color: #0b4e59;\"><strong>web<\/strong><\/span><\/p>\t\t\t\t\t\t\t\t<\/div>\n\t\t\t\t<\/div>\n\t\t\t\t\t<\/div>\n\t\t\t\t<\/div>\n\t\t<div class=\"elementor-element elementor-element-69f68f8 e-flex e-con-boxed e-con e-parent\" data-id=\"69f68f8\" data-element_type=\"container\" data-e-type=\"container\">\n\t\t\t\t\t<div class=\"e-con-inner\">\n\t\t<div class=\"elementor-element elementor-element-60cf4f0 e-grid e-con-full e-con e-child\" data-id=\"60cf4f0\" data-element_type=\"container\" data-e-type=\"container\">\n\t\t\t\t<div class=\"elementor-element elementor-element-4aa5c08 elementor-widget__width-initial elementor-widget elementor-widget-button\" data-id=\"4aa5c08\" data-element_type=\"widget\" data-e-type=\"widget\" data-widget_type=\"button.default\">\n\t\t\t\t<div class=\"elementor-widget-container\">\n\t\t\t\t\t\t\t\t\t<div class=\"elementor-button-wrapper\">\n\t\t\t\t\t<a class=\"elementor-button elementor-button-link elementor-size-sm\" href=\"https:\/\/citam.com\/ca\/te-contactamos\/\">\n\t\t\t\t\t\t<span class=\"elementor-button-content-wrapper\">\n\t\t\t\t\t\t\t\t\t<span class=\"elementor-button-text\">Contactem amb tu i gestionem la teva cita.<\/span>\n\t\t\t\t\t<\/span>\n\t\t\t\t\t<\/a>\n\t\t\t\t<\/div>\n\t\t\t\t\t\t\t\t<\/div>\n\t\t\t\t<\/div>\n\t\t\t\t<div class=\"elementor-element elementor-element-4961c0c elementor-widget elementor-widget-button\" data-id=\"4961c0c\" data-element_type=\"widget\" data-e-type=\"widget\" data-widget_type=\"button.default\">\n\t\t\t\t<div class=\"elementor-widget-container\">\n\t\t\t\t\t\t\t\t\t<div class=\"elementor-button-wrapper\">\n\t\t\t\t\t<a class=\"elementor-button elementor-button-link elementor-size-sm\" href=\"https:\/\/citam.com\/ca\/te-contactamos-reclamaciones\/\">\n\t\t\t\t\t\t<span class=\"elementor-button-content-wrapper\">\n\t\t\t\t\t\t\t\t\t<span class=\"elementor-button-text\">Explica'ns el teu cas, gestionem la teva reclamaci\u00f3<\/span>\n\t\t\t\t\t<\/span>\n\t\t\t\t\t<\/a>\n\t\t\t\t<\/div>\n\t\t\t\t\t\t\t\t<\/div>\n\t\t\t\t<\/div>\n\t\t\t\t<\/div>\n\t\t<div class=\"elementor-element elementor-element-8d234b1 e-con-full e-flex e-con e-child\" data-id=\"8d234b1\" data-element_type=\"container\" data-e-type=\"container\">\n\t\t\t\t<\/div>\n\t\t\t\t\t<\/div>\n\t\t\t\t<\/div>\n\t\t\t\t<\/div>\n\t\t","protected":false},"excerpt":{"rendered":"<p>Defensem el vostre dret a l&#8217;assist\u00e8ncia sanit\u00e0ria Citam est\u00e0 format per un equip interdisciplinari que combina les tres \u00e0rees clau necess\u00e0ries per guanyar el vostre cas. No som nom\u00e9s advocats; som els vostres defensors i els vostres assessors m\u00e8dics i legals. El nostre equip interdisciplinari per a l&#8217;\u00e8xit La nostra experi\u00e8ncia \u00e9s clau per al&#8230;<\/p>\n","protected":false},"author":2,"featured_media":750,"parent":0,"menu_order":0,"comment_status":"closed","ping_status":"closed","template":"","meta":{"_uf_show_specific_survey":0,"_uf_disable_surveys":false,"footnotes":""},"class_list":["post-1116","page","type-page","status-publish","has-post-thumbnail","hentry"],"yoast_head":"<!-- This site is optimized with the Yoast SEO plugin v27.4 - https:\/\/yoast.com\/product\/yoast-seo-wordpress\/ -->\n<title>Qui Som - Citam<\/title>\n<meta name=\"robots\" content=\"index, follow, max-snippet:-1, max-image-preview:large, max-video-preview:-1\" \/>\n<link rel=\"canonical\" href=\"https:\/\/citam.com\/ca\/quienes-somos\/\" \/>\n<meta property=\"og:locale\" content=\"ca_ES\" \/>\n<meta property=\"og:type\" content=\"article\" \/>\n<meta property=\"og:title\" content=\"Qui Som - Citam\" \/>\n<meta property=\"og:description\" content=\"Defensem el vostre dret a l&#8217;assist\u00e8ncia sanit\u00e0ria Citam est\u00e0 format per un equip interdisciplinari que combina les tres \u00e0rees clau necess\u00e0ries per guanyar el vostre cas. No som nom\u00e9s advocats; som els vostres defensors i els vostres assessors m\u00e8dics i legals. El nostre equip interdisciplinari per a l&#8217;\u00e8xit La nostra experi\u00e8ncia \u00e9s clau per al...\" \/>\n<meta property=\"og:url\" content=\"https:\/\/citam.com\/ca\/quienes-somos\/\" \/>\n<meta property=\"og:site_name\" content=\"Citam\" \/>\n<meta property=\"article:modified_time\" content=\"2026-01-28T08:50:34+00:00\" \/>\n<meta property=\"og:image\" content=\"https:\/\/citam.com\/wp-content\/uploads\/2024\/03\/Citam-Header-Home_2.jpg\" \/>\n\t<meta property=\"og:image:width\" content=\"2200\" \/>\n\t<meta property=\"og:image:height\" content=\"960\" \/>\n\t<meta property=\"og:image:type\" content=\"image\/jpeg\" \/>\n<meta name=\"twitter:card\" content=\"summary_large_image\" \/>\n<meta name=\"twitter:label1\" content=\"Temps estimat de lectura\" \/>\n\t<meta name=\"twitter:data1\" content=\"3 minuts\" \/>\n<script type=\"application\/ld+json\" class=\"yoast-schema-graph\">{\"@context\":\"https:\\\/\\\/schema.org\",\"@graph\":[{\"@type\":\"WebPage\",\"@id\":\"https:\\\/\\\/citam.com\\\/ca\\\/quienes-somos\\\/\",\"url\":\"https:\\\/\\\/citam.com\\\/ca\\\/quienes-somos\\\/\",\"name\":\"Qui Som - Citam\",\"isPartOf\":{\"@id\":\"https:\\\/\\\/citam.com\\\/ca\\\/#website\"},\"primaryImageOfPage\":{\"@id\":\"https:\\\/\\\/citam.com\\\/ca\\\/quienes-somos\\\/#primaryimage\"},\"image\":{\"@id\":\"https:\\\/\\\/citam.com\\\/ca\\\/quienes-somos\\\/#primaryimage\"},\"thumbnailUrl\":\"https:\\\/\\\/citam.com\\\/wp-content\\\/uploads\\\/2024\\\/03\\\/Citam-Header-Home_2.jpg\",\"datePublished\":\"2024-04-10T07:31:44+00:00\",\"dateModified\":\"2026-01-28T08:50:34+00:00\",\"breadcrumb\":{\"@id\":\"https:\\\/\\\/citam.com\\\/ca\\\/quienes-somos\\\/#breadcrumb\"},\"inLanguage\":\"ca\",\"potentialAction\":[{\"@type\":\"ReadAction\",\"target\":[\"https:\\\/\\\/citam.com\\\/ca\\\/quienes-somos\\\/\"]}]},{\"@type\":\"ImageObject\",\"inLanguage\":\"ca\",\"@id\":\"https:\\\/\\\/citam.com\\\/ca\\\/quienes-somos\\\/#primaryimage\",\"url\":\"https:\\\/\\\/citam.com\\\/wp-content\\\/uploads\\\/2024\\\/03\\\/Citam-Header-Home_2.jpg\",\"contentUrl\":\"https:\\\/\\\/citam.com\\\/wp-content\\\/uploads\\\/2024\\\/03\\\/Citam-Header-Home_2.jpg\",\"width\":2200,\"height\":960,\"caption\":\"Healthcare and medical concept. Medicine doctor with stethoscope in hand and Patients come to the hospital background.\"},{\"@type\":\"BreadcrumbList\",\"@id\":\"https:\\\/\\\/citam.com\\\/ca\\\/quienes-somos\\\/#breadcrumb\",\"itemListElement\":[{\"@type\":\"ListItem\",\"position\":1,\"name\":\"Inici\",\"item\":\"https:\\\/\\\/citam.com\\\/ca\\\/\"},{\"@type\":\"ListItem\",\"position\":2,\"name\":\"Qui Som\"}]},{\"@type\":\"WebSite\",\"@id\":\"https:\\\/\\\/citam.com\\\/ca\\\/#website\",\"url\":\"https:\\\/\\\/citam.com\\\/ca\\\/\",\"name\":\"Citam\",\"description\":\"somos un equipo de atenci\u00f3n medica inmediata y sin necesidad de seguro\",\"publisher\":{\"@id\":\"https:\\\/\\\/citam.com\\\/ca\\\/#organization\"},\"alternateName\":\"citam.com\",\"potentialAction\":[{\"@type\":\"SearchAction\",\"target\":{\"@type\":\"EntryPoint\",\"urlTemplate\":\"https:\\\/\\\/citam.com\\\/ca\\\/?s={search_term_string}\"},\"query-input\":{\"@type\":\"PropertyValueSpecification\",\"valueRequired\":true,\"valueName\":\"search_term_string\"}}],\"inLanguage\":\"ca\"},{\"@type\":\"Organization\",\"@id\":\"https:\\\/\\\/citam.com\\\/ca\\\/#organization\",\"name\":\"Citam\",\"url\":\"https:\\\/\\\/citam.com\\\/ca\\\/\",\"logo\":{\"@type\":\"ImageObject\",\"inLanguage\":\"ca\",\"@id\":\"https:\\\/\\\/citam.com\\\/ca\\\/#\\\/schema\\\/logo\\\/image\\\/\",\"url\":\"https:\\\/\\\/citam.com\\\/wp-content\\\/uploads\\\/2024\\\/03\\\/citam-logo-principal.png\",\"contentUrl\":\"https:\\\/\\\/citam.com\\\/wp-content\\\/uploads\\\/2024\\\/03\\\/citam-logo-principal.png\",\"width\":290,\"height\":80,\"caption\":\"Citam\"},\"image\":{\"@id\":\"https:\\\/\\\/citam.com\\\/ca\\\/#\\\/schema\\\/logo\\\/image\\\/\"}}]}<\/script>\n<!-- \/ Yoast SEO plugin. -->","yoast_head_json":{"title":"Qui Som - Citam","robots":{"index":"index","follow":"follow","max-snippet":"max-snippet:-1","max-image-preview":"max-image-preview:large","max-video-preview":"max-video-preview:-1"},"canonical":"https:\/\/citam.com\/ca\/quienes-somos\/","og_locale":"ca_ES","og_type":"article","og_title":"Qui Som - Citam","og_description":"Defensem el vostre dret a l&#8217;assist\u00e8ncia sanit\u00e0ria Citam est\u00e0 format per un equip interdisciplinari que combina les tres \u00e0rees clau necess\u00e0ries per guanyar el vostre cas. No som nom\u00e9s advocats; som els vostres defensors i els vostres assessors m\u00e8dics i legals. El nostre equip interdisciplinari per a l&#8217;\u00e8xit La nostra experi\u00e8ncia \u00e9s clau per al...","og_url":"https:\/\/citam.com\/ca\/quienes-somos\/","og_site_name":"Citam","article_modified_time":"2026-01-28T08:50:34+00:00","og_image":[{"width":2200,"height":960,"url":"https:\/\/citam.com\/wp-content\/uploads\/2024\/03\/Citam-Header-Home_2.jpg","type":"image\/jpeg"}],"twitter_card":"summary_large_image","twitter_misc":{"Temps estimat de lectura":"3 minuts"},"schema":{"@context":"https:\/\/schema.org","@graph":[{"@type":"WebPage","@id":"https:\/\/citam.com\/ca\/quienes-somos\/","url":"https:\/\/citam.com\/ca\/quienes-somos\/","name":"Qui Som - Citam","isPartOf":{"@id":"https:\/\/citam.com\/ca\/#website"},"primaryImageOfPage":{"@id":"https:\/\/citam.com\/ca\/quienes-somos\/#primaryimage"},"image":{"@id":"https:\/\/citam.com\/ca\/quienes-somos\/#primaryimage"},"thumbnailUrl":"https:\/\/citam.com\/wp-content\/uploads\/2024\/03\/Citam-Header-Home_2.jpg","datePublished":"2024-04-10T07:31:44+00:00","dateModified":"2026-01-28T08:50:34+00:00","breadcrumb":{"@id":"https:\/\/citam.com\/ca\/quienes-somos\/#breadcrumb"},"inLanguage":"ca","potentialAction":[{"@type":"ReadAction","target":["https:\/\/citam.com\/ca\/quienes-somos\/"]}]},{"@type":"ImageObject","inLanguage":"ca","@id":"https:\/\/citam.com\/ca\/quienes-somos\/#primaryimage","url":"https:\/\/citam.com\/wp-content\/uploads\/2024\/03\/Citam-Header-Home_2.jpg","contentUrl":"https:\/\/citam.com\/wp-content\/uploads\/2024\/03\/Citam-Header-Home_2.jpg","width":2200,"height":960,"caption":"Healthcare and medical concept. Medicine doctor with stethoscope in hand and Patients come to the hospital background."},{"@type":"BreadcrumbList","@id":"https:\/\/citam.com\/ca\/quienes-somos\/#breadcrumb","itemListElement":[{"@type":"ListItem","position":1,"name":"Inici","item":"https:\/\/citam.com\/ca\/"},{"@type":"ListItem","position":2,"name":"Qui Som"}]},{"@type":"WebSite","@id":"https:\/\/citam.com\/ca\/#website","url":"https:\/\/citam.com\/ca\/","name":"Citam","description":"somos un equipo de atenci\u00f3n medica inmediata y sin necesidad de seguro","publisher":{"@id":"https:\/\/citam.com\/ca\/#organization"},"alternateName":"citam.com","potentialAction":[{"@type":"SearchAction","target":{"@type":"EntryPoint","urlTemplate":"https:\/\/citam.com\/ca\/?s={search_term_string}"},"query-input":{"@type":"PropertyValueSpecification","valueRequired":true,"valueName":"search_term_string"}}],"inLanguage":"ca"},{"@type":"Organization","@id":"https:\/\/citam.com\/ca\/#organization","name":"Citam","url":"https:\/\/citam.com\/ca\/","logo":{"@type":"ImageObject","inLanguage":"ca","@id":"https:\/\/citam.com\/ca\/#\/schema\/logo\/image\/","url":"https:\/\/citam.com\/wp-content\/uploads\/2024\/03\/citam-logo-principal.png","contentUrl":"https:\/\/citam.com\/wp-content\/uploads\/2024\/03\/citam-logo-principal.png","width":290,"height":80,"caption":"Citam"},"image":{"@id":"https:\/\/citam.com\/ca\/#\/schema\/logo\/image\/"}}]}},"_links":{"self":[{"href":"https:\/\/citam.com\/ca\/wp-json\/wp\/v2\/pages\/1116","targetHints":{"allow":["GET"]}}],"collection":[{"href":"https:\/\/citam.com\/ca\/wp-json\/wp\/v2\/pages"}],"about":[{"href":"https:\/\/citam.com\/ca\/wp-json\/wp\/v2\/types\/page"}],"author":[{"embeddable":true,"href":"https:\/\/citam.com\/ca\/wp-json\/wp\/v2\/users\/2"}],"replies":[{"embeddable":true,"href":"https:\/\/citam.com\/ca\/wp-json\/wp\/v2\/comments?post=1116"}],"version-history":[{"count":52,"href":"https:\/\/citam.com\/ca\/wp-json\/wp\/v2\/pages\/1116\/revisions"}],"predecessor-version":[{"id":3773,"href":"https:\/\/citam.com\/ca\/wp-json\/wp\/v2\/pages\/1116\/revisions\/3773"}],"wp:featuredmedia":[{"embeddable":true,"href":"https:\/\/citam.com\/ca\/wp-json\/wp\/v2\/media\/750"}],"wp:attachment":[{"href":"https:\/\/citam.com\/ca\/wp-json\/wp\/v2\/media?parent=1116"}],"curies":[{"name":"wp","href":"https:\/\/api.w.org\/{rel}","templated":true}]}}