{"id":3653,"date":"2026-01-27T09:56:37","date_gmt":"2026-01-27T08:56:37","guid":{"rendered":"https:\/\/citam.com\/reclamaciones-por-lista-de-espera-y-negligencias-medicas\/"},"modified":"2026-01-28T09:53:59","modified_gmt":"2026-01-28T08:53:59","slug":"reclamaciones-por-lista-de-espera-y-negligencias-medicas","status":"publish","type":"page","link":"https:\/\/citam.com\/ca\/reclamaciones-por-lista-de-espera-y-negligencias-medicas\/","title":{"rendered":"Reclamacions per llistes d&#8217;espera i neglig\u00e8ncia m\u00e8dica"},"content":{"rendered":"\t\t<div data-elementor-type=\"wp-page\" data-elementor-id=\"3653\" class=\"elementor elementor-3653 elementor-3581\">\n\t\t\t\t<div class=\"elementor-element elementor-element-b3aa48d e-flex e-con-boxed e-con e-parent\" data-id=\"b3aa48d\" data-element_type=\"container\" data-e-type=\"container\">\n\t\t\t\t\t<div class=\"e-con-inner\">\n\t\t\t\t<div class=\"elementor-element elementor-element-b68667c columnas-2 elementor-widget elementor-widget-text-editor\" data-id=\"b68667c\" data-element_type=\"widget\" data-e-type=\"widget\" data-widget_type=\"text-editor.default\">\n\t\t\t\t<div class=\"elementor-widget-container\">\n\t\t\t\t\t\t\t\t\t<h2><span style=\"color: #0b4e59;\">Reclamaciones por Lista de Espera<\/span><\/h2>\n<p>En las I<strong>slas Baleares<\/strong> disponemos de una normativa clara en cuanto al tiempo que dispone la Sanidad P\u00fablica para atender a sus pacientes.<\/p>\n<p><strong>Los tiempos m\u00e1ximos de espera y atenci\u00f3n son los siguientes:<\/strong><\/p>\n<ul>\n<li><strong>Primeras consultas externas y pruebas diagn\u00f3sticas o terap\u00e9uticas:<\/strong> <span style=\"text-decoration: underline;\">60 d\u00edas naturales<\/span><\/li>\n<li><strong>Segunda consulta diagn\u00f3stica:<\/strong> <span style=\"text-decoration: underline;\">180 d\u00edas naturales<\/span><\/li>\n<li><strong>Intervenci\u00f3n quir\u00fargica programada:<\/strong> <span style=\"text-decoration: underline;\">180 d\u00edas naturales.<\/span><\/li>\n<\/ul>\n<p><strong>Si ha transcurrido el plazo establecido y todav\u00eda nos has sido citado tienes derecho a reclamar y la administraci\u00f3n sanitaria tiene el deber de atenderte o derivarte a un centro concertado para que te atiendan.<\/strong><\/p>\n<p>Si no lo hace en el plazo se\u00f1alado deber\u00e1 <strong>abonarte los gastos m\u00e9dicos e indemnizarte si procede<\/strong>.<\/p>\n<p>Y todo ello <strong>sin acudir a la v\u00eda judicial<\/strong> con una simple reclamaci\u00f3n administrativa.<\/p>\n<p><strong>\u00bfQuieres saber m\u00e1s?<\/strong> Contacta con nosotros y te asesoraremos personalmente.<\/p>\n<h2><span style=\"color: #0b4e59;\">Reclamaciones por Negligencias M\u00e9dicas<\/span><\/h2>\n<p><strong>\u00bfHas vivido una situaci\u00f3n m\u00e9dica que no te dej\u00f3 tranquilo?<\/strong><\/p>\n<p><strong>Podr\u00eda ser negligencia m\u00e9dica:<\/strong> cuando un profesional no act\u00faa con el cuidado o atenci\u00f3n que deber\u00eda, y eso termina afectando tu salud.<\/p>\n<p>Enfrentarse a una sospecha de negligencia m\u00e9dica es un proceso dif\u00edcil, cargado de dudas, frustraci\u00f3n e incertidumbre. M\u00e1s all\u00e1 de los t\u00e9rminos legales, un paciente informado es un paciente empoderado.<\/p>\n<p><strong>\u00bfQu\u00e9 es realmente una Negligencia M\u00e9dica?<\/strong><\/p>\n<p>La negligencia m\u00e9dica ocurre cuando un profesional sanitario no act\u00faa con el cuidado, atenci\u00f3n o conocimientos que se consideran normales en su profesi\u00f3n, y eso provoca un da\u00f1o al paciente.<\/p>\n<p><strong>Incluye errores en diagn\u00f3sticos, tratamientos, intervenciones, seguimiento o informaci\u00f3n.<\/strong><\/p>\n<p>No es un resultado inesperado o un riesgo inherente al tratamiento. Es un\u00a0incumplimiento de la\u00a0<strong>Lex Artis:<\/strong> una desviaci\u00f3n del est\u00e1ndar de cuidado que cualquier profesional competente hubiera aplicado en su situaci\u00f3n.<\/p>\n<p><strong>Debe cumplir tres pilares esenciales:<\/strong><\/p>\n<ul>\n<li><strong>El Error (Mala Praxis):\u00a0<\/strong>Un m\u00e9dico no sigui\u00f3 el protocolo establecido.<\/li>\n<li><strong>El Da\u00f1o:\u00a0<\/strong>Usted sufri\u00f3 un perjuicio f\u00edsico, emocional o econ\u00f3mico.<\/li>\n<li><strong>El Nexo Causal:\u00a0<\/strong>El da\u00f1o fue consecuencia directa del error m\u00e9dico, no de su enfermedad subyacente.<\/li>\n<\/ul>\n<p><strong>El equipo de profesionales de Citam:<\/strong><\/p>\n<ul>\n<li><strong>Analizamos tu situaci\u00f3n sin compromiso.<\/strong><\/li>\n<li><strong>Reunimos y revisamos tu documentaci\u00f3n m\u00e9dica.<\/strong><\/li>\n<li><strong>Preparamos tu reclamaci\u00f3n de forma clara y eficaz.<\/strong><\/li>\n<\/ul>\n<p>Defendemos tus derechos ante la administraci\u00f3n o ante los tribunales.<\/p>\n<p><strong>Contacta con nosotros mediante el formulario que encontraras en la web y te asesoraremos gratis porque tu caso merece ser escuchado y tu salud merece justicia.<\/strong><\/p>\n\t\t\t\t\t\t\t\t<\/div>\n\t\t\t\t<\/div>\n\t\t\t\t<div class=\"elementor-element elementor-element-397abb6 elementor-widget elementor-widget-spacer\" data-id=\"397abb6\" data-element_type=\"widget\" data-e-type=\"widget\" data-widget_type=\"spacer.default\">\n\t\t\t\t<div class=\"elementor-widget-container\">\n\t\t\t\t\t\t\t<div class=\"elementor-spacer\">\n\t\t\t<div class=\"elementor-spacer-inner\"><\/div>\n\t\t<\/div>\n\t\t\t\t\t\t<\/div>\n\t\t\t\t<\/div>\n\t\t\t\t<div class=\"elementor-element elementor-element-d9c6cd5 elementor-align-center elementor-widget elementor-widget-button\" data-id=\"d9c6cd5\" data-element_type=\"widget\" data-e-type=\"widget\" data-widget_type=\"button.default\">\n\t\t\t\t<div class=\"elementor-widget-container\">\n\t\t\t\t\t\t\t\t\t<div class=\"elementor-button-wrapper\">\n\t\t\t\t\t<a class=\"elementor-button elementor-button-link elementor-size-sm\" href=\"https:\/\/citam.com\/ca\/te-contactamos-reclamaciones\/\">\n\t\t\t\t\t\t<span class=\"elementor-button-content-wrapper\">\n\t\t\t\t\t\t\t\t\t<span class=\"elementor-button-text\">Explica'ns el teu cas, gestionem la teva reclamaci\u00f3<\/span>\n\t\t\t\t\t<\/span>\n\t\t\t\t\t<\/a>\n\t\t\t\t<\/div>\n\t\t\t\t\t\t\t\t<\/div>\n\t\t\t\t<\/div>\n\t\t\t\t\t<\/div>\n\t\t\t\t<\/div>\n\t\t\t\t<\/div>\n\t\t","protected":false},"excerpt":{"rendered":"<p>Reclamaciones por Lista de Espera En las Islas Baleares disponemos de una normativa clara en cuanto al tiempo que dispone la Sanidad P\u00fablica para atender a sus pacientes. Los tiempos m\u00e1ximos de espera y atenci\u00f3n son los siguientes: Primeras consultas externas y pruebas diagn\u00f3sticas o terap\u00e9uticas: 60 d\u00edas naturales Segunda consulta diagn\u00f3stica: 180 d\u00edas naturales&#8230;<\/p>\n","protected":false},"author":2,"featured_media":3596,"parent":0,"menu_order":0,"comment_status":"closed","ping_status":"closed","template":"","meta":{"_uf_show_specific_survey":0,"_uf_disable_surveys":false,"footnotes":""},"class_list":["post-3653","page","type-page","status-publish","has-post-thumbnail","hentry"],"yoast_head":"<!-- This site is optimized with the Yoast SEO plugin v27.4 - https:\/\/yoast.com\/product\/yoast-seo-wordpress\/ -->\n<title>Reclamacions per llistes d&#039;espera i neglig\u00e8ncia m\u00e8dica | Citam<\/title>\n<meta name=\"description\" content=\"Ens especialitzem en neglig\u00e8ncia m\u00e8dica i retards en el tractament a causa de les llistes d&#039;espera. Si creieu que heu patit danys a causa...\" \/>\n<meta name=\"robots\" content=\"index, follow, max-snippet:-1, max-image-preview:large, max-video-preview:-1\" \/>\n<link rel=\"canonical\" href=\"https:\/\/citam.com\/ca\/reclamaciones-por-lista-de-espera-y-negligencias-medicas\/\" \/>\n<meta property=\"og:locale\" content=\"ca_ES\" \/>\n<meta property=\"og:type\" content=\"article\" \/>\n<meta property=\"og:title\" content=\"Reclamacions per llistes d&#039;espera i neglig\u00e8ncia m\u00e8dica | Citam\" \/>\n<meta property=\"og:description\" content=\"Ens especialitzem en neglig\u00e8ncia m\u00e8dica i retards en el tractament a causa de les llistes d&#039;espera. Si creieu que heu patit danys a causa...\" \/>\n<meta property=\"og:url\" content=\"https:\/\/citam.com\/ca\/reclamaciones-por-lista-de-espera-y-negligencias-medicas\/\" \/>\n<meta property=\"og:site_name\" content=\"Citam\" \/>\n<meta property=\"article:modified_time\" content=\"2026-01-28T08:53:59+00:00\" \/>\n<meta property=\"og:image\" content=\"https:\/\/citam.com\/wp-content\/uploads\/2026\/01\/Citam-Reclamaciones-por-Lista-de-Espera.jpg\" \/>\n\t<meta property=\"og:image:width\" content=\"2200\" \/>\n\t<meta property=\"og:image:height\" content=\"960\" \/>\n\t<meta property=\"og:image:type\" content=\"image\/jpeg\" \/>\n<meta name=\"twitter:card\" content=\"summary_large_image\" \/>\n<meta name=\"twitter:label1\" content=\"Temps estimat de lectura\" \/>\n\t<meta name=\"twitter:data1\" content=\"3 minuts\" \/>\n<script type=\"application\/ld+json\" class=\"yoast-schema-graph\">{\"@context\":\"https:\\\/\\\/schema.org\",\"@graph\":[{\"@type\":\"WebPage\",\"@id\":\"https:\\\/\\\/citam.com\\\/ca\\\/reclamaciones-por-lista-de-espera-y-negligencias-medicas\\\/\",\"url\":\"https:\\\/\\\/citam.com\\\/ca\\\/reclamaciones-por-lista-de-espera-y-negligencias-medicas\\\/\",\"name\":\"Reclamacions per llistes d'espera i neglig\u00e8ncia m\u00e8dica | Citam\",\"isPartOf\":{\"@id\":\"https:\\\/\\\/citam.com\\\/ca\\\/#website\"},\"primaryImageOfPage\":{\"@id\":\"https:\\\/\\\/citam.com\\\/ca\\\/reclamaciones-por-lista-de-espera-y-negligencias-medicas\\\/#primaryimage\"},\"image\":{\"@id\":\"https:\\\/\\\/citam.com\\\/ca\\\/reclamaciones-por-lista-de-espera-y-negligencias-medicas\\\/#primaryimage\"},\"thumbnailUrl\":\"https:\\\/\\\/citam.com\\\/wp-content\\\/uploads\\\/2026\\\/01\\\/Citam-Reclamaciones-por-Lista-de-Espera.jpg\",\"datePublished\":\"2026-01-27T08:56:37+00:00\",\"dateModified\":\"2026-01-28T08:53:59+00:00\",\"description\":\"Ens especialitzem en neglig\u00e8ncia m\u00e8dica i retards en el tractament a causa de les llistes d'espera. Si creieu que heu patit danys a causa...\",\"breadcrumb\":{\"@id\":\"https:\\\/\\\/citam.com\\\/ca\\\/reclamaciones-por-lista-de-espera-y-negligencias-medicas\\\/#breadcrumb\"},\"inLanguage\":\"ca\",\"potentialAction\":[{\"@type\":\"ReadAction\",\"target\":[\"https:\\\/\\\/citam.com\\\/ca\\\/reclamaciones-por-lista-de-espera-y-negligencias-medicas\\\/\"]}]},{\"@type\":\"ImageObject\",\"inLanguage\":\"ca\",\"@id\":\"https:\\\/\\\/citam.com\\\/ca\\\/reclamaciones-por-lista-de-espera-y-negligencias-medicas\\\/#primaryimage\",\"url\":\"https:\\\/\\\/citam.com\\\/wp-content\\\/uploads\\\/2026\\\/01\\\/Citam-Reclamaciones-por-Lista-de-Espera.jpg\",\"contentUrl\":\"https:\\\/\\\/citam.com\\\/wp-content\\\/uploads\\\/2026\\\/01\\\/Citam-Reclamaciones-por-Lista-de-Espera.jpg\",\"width\":2200,\"height\":960,\"caption\":\"Citam-Reclamaciones-por-Lista-de-Espera\"},{\"@type\":\"BreadcrumbList\",\"@id\":\"https:\\\/\\\/citam.com\\\/ca\\\/reclamaciones-por-lista-de-espera-y-negligencias-medicas\\\/#breadcrumb\",\"itemListElement\":[{\"@type\":\"ListItem\",\"position\":1,\"name\":\"Inici\",\"item\":\"https:\\\/\\\/citam.com\\\/ca\\\/\"},{\"@type\":\"ListItem\",\"position\":2,\"name\":\"Reclamacions per llistes d&#8217;espera i neglig\u00e8ncia m\u00e8dica\"}]},{\"@type\":\"WebSite\",\"@id\":\"https:\\\/\\\/citam.com\\\/ca\\\/#website\",\"url\":\"https:\\\/\\\/citam.com\\\/ca\\\/\",\"name\":\"Citam\",\"description\":\"somos un equipo de atenci\u00f3n medica inmediata y sin necesidad de seguro\",\"publisher\":{\"@id\":\"https:\\\/\\\/citam.com\\\/ca\\\/#organization\"},\"alternateName\":\"citam.com\",\"potentialAction\":[{\"@type\":\"SearchAction\",\"target\":{\"@type\":\"EntryPoint\",\"urlTemplate\":\"https:\\\/\\\/citam.com\\\/ca\\\/?s={search_term_string}\"},\"query-input\":{\"@type\":\"PropertyValueSpecification\",\"valueRequired\":true,\"valueName\":\"search_term_string\"}}],\"inLanguage\":\"ca\"},{\"@type\":\"Organization\",\"@id\":\"https:\\\/\\\/citam.com\\\/ca\\\/#organization\",\"name\":\"Citam\",\"url\":\"https:\\\/\\\/citam.com\\\/ca\\\/\",\"logo\":{\"@type\":\"ImageObject\",\"inLanguage\":\"ca\",\"@id\":\"https:\\\/\\\/citam.com\\\/ca\\\/#\\\/schema\\\/logo\\\/image\\\/\",\"url\":\"https:\\\/\\\/citam.com\\\/wp-content\\\/uploads\\\/2024\\\/03\\\/citam-logo-principal.png\",\"contentUrl\":\"https:\\\/\\\/citam.com\\\/wp-content\\\/uploads\\\/2024\\\/03\\\/citam-logo-principal.png\",\"width\":290,\"height\":80,\"caption\":\"Citam\"},\"image\":{\"@id\":\"https:\\\/\\\/citam.com\\\/ca\\\/#\\\/schema\\\/logo\\\/image\\\/\"}}]}<\/script>\n<!-- \/ Yoast SEO plugin. -->","yoast_head_json":{"title":"Reclamacions per llistes d'espera i neglig\u00e8ncia m\u00e8dica | Citam","description":"Ens especialitzem en neglig\u00e8ncia m\u00e8dica i retards en el tractament a causa de les llistes d'espera. Si creieu que heu patit danys a causa...","robots":{"index":"index","follow":"follow","max-snippet":"max-snippet:-1","max-image-preview":"max-image-preview:large","max-video-preview":"max-video-preview:-1"},"canonical":"https:\/\/citam.com\/ca\/reclamaciones-por-lista-de-espera-y-negligencias-medicas\/","og_locale":"ca_ES","og_type":"article","og_title":"Reclamacions per llistes d'espera i neglig\u00e8ncia m\u00e8dica | Citam","og_description":"Ens especialitzem en neglig\u00e8ncia m\u00e8dica i retards en el tractament a causa de les llistes d'espera. Si creieu que heu patit danys a causa...","og_url":"https:\/\/citam.com\/ca\/reclamaciones-por-lista-de-espera-y-negligencias-medicas\/","og_site_name":"Citam","article_modified_time":"2026-01-28T08:53:59+00:00","og_image":[{"width":2200,"height":960,"url":"https:\/\/citam.com\/wp-content\/uploads\/2026\/01\/Citam-Reclamaciones-por-Lista-de-Espera.jpg","type":"image\/jpeg"}],"twitter_card":"summary_large_image","twitter_misc":{"Temps estimat de lectura":"3 minuts"},"schema":{"@context":"https:\/\/schema.org","@graph":[{"@type":"WebPage","@id":"https:\/\/citam.com\/ca\/reclamaciones-por-lista-de-espera-y-negligencias-medicas\/","url":"https:\/\/citam.com\/ca\/reclamaciones-por-lista-de-espera-y-negligencias-medicas\/","name":"Reclamacions per llistes d'espera i neglig\u00e8ncia m\u00e8dica | Citam","isPartOf":{"@id":"https:\/\/citam.com\/ca\/#website"},"primaryImageOfPage":{"@id":"https:\/\/citam.com\/ca\/reclamaciones-por-lista-de-espera-y-negligencias-medicas\/#primaryimage"},"image":{"@id":"https:\/\/citam.com\/ca\/reclamaciones-por-lista-de-espera-y-negligencias-medicas\/#primaryimage"},"thumbnailUrl":"https:\/\/citam.com\/wp-content\/uploads\/2026\/01\/Citam-Reclamaciones-por-Lista-de-Espera.jpg","datePublished":"2026-01-27T08:56:37+00:00","dateModified":"2026-01-28T08:53:59+00:00","description":"Ens especialitzem en neglig\u00e8ncia m\u00e8dica i retards en el tractament a causa de les llistes d'espera. Si creieu que heu patit danys a causa...","breadcrumb":{"@id":"https:\/\/citam.com\/ca\/reclamaciones-por-lista-de-espera-y-negligencias-medicas\/#breadcrumb"},"inLanguage":"ca","potentialAction":[{"@type":"ReadAction","target":["https:\/\/citam.com\/ca\/reclamaciones-por-lista-de-espera-y-negligencias-medicas\/"]}]},{"@type":"ImageObject","inLanguage":"ca","@id":"https:\/\/citam.com\/ca\/reclamaciones-por-lista-de-espera-y-negligencias-medicas\/#primaryimage","url":"https:\/\/citam.com\/wp-content\/uploads\/2026\/01\/Citam-Reclamaciones-por-Lista-de-Espera.jpg","contentUrl":"https:\/\/citam.com\/wp-content\/uploads\/2026\/01\/Citam-Reclamaciones-por-Lista-de-Espera.jpg","width":2200,"height":960,"caption":"Citam-Reclamaciones-por-Lista-de-Espera"},{"@type":"BreadcrumbList","@id":"https:\/\/citam.com\/ca\/reclamaciones-por-lista-de-espera-y-negligencias-medicas\/#breadcrumb","itemListElement":[{"@type":"ListItem","position":1,"name":"Inici","item":"https:\/\/citam.com\/ca\/"},{"@type":"ListItem","position":2,"name":"Reclamacions per llistes d&#8217;espera i neglig\u00e8ncia m\u00e8dica"}]},{"@type":"WebSite","@id":"https:\/\/citam.com\/ca\/#website","url":"https:\/\/citam.com\/ca\/","name":"Citam","description":"somos un equipo de atenci\u00f3n medica inmediata y sin necesidad de seguro","publisher":{"@id":"https:\/\/citam.com\/ca\/#organization"},"alternateName":"citam.com","potentialAction":[{"@type":"SearchAction","target":{"@type":"EntryPoint","urlTemplate":"https:\/\/citam.com\/ca\/?s={search_term_string}"},"query-input":{"@type":"PropertyValueSpecification","valueRequired":true,"valueName":"search_term_string"}}],"inLanguage":"ca"},{"@type":"Organization","@id":"https:\/\/citam.com\/ca\/#organization","name":"Citam","url":"https:\/\/citam.com\/ca\/","logo":{"@type":"ImageObject","inLanguage":"ca","@id":"https:\/\/citam.com\/ca\/#\/schema\/logo\/image\/","url":"https:\/\/citam.com\/wp-content\/uploads\/2024\/03\/citam-logo-principal.png","contentUrl":"https:\/\/citam.com\/wp-content\/uploads\/2024\/03\/citam-logo-principal.png","width":290,"height":80,"caption":"Citam"},"image":{"@id":"https:\/\/citam.com\/ca\/#\/schema\/logo\/image\/"}}]}},"_links":{"self":[{"href":"https:\/\/citam.com\/ca\/wp-json\/wp\/v2\/pages\/3653","targetHints":{"allow":["GET"]}}],"collection":[{"href":"https:\/\/citam.com\/ca\/wp-json\/wp\/v2\/pages"}],"about":[{"href":"https:\/\/citam.com\/ca\/wp-json\/wp\/v2\/types\/page"}],"author":[{"embeddable":true,"href":"https:\/\/citam.com\/ca\/wp-json\/wp\/v2\/users\/2"}],"replies":[{"embeddable":true,"href":"https:\/\/citam.com\/ca\/wp-json\/wp\/v2\/comments?post=3653"}],"version-history":[{"count":12,"href":"https:\/\/citam.com\/ca\/wp-json\/wp\/v2\/pages\/3653\/revisions"}],"predecessor-version":[{"id":3779,"href":"https:\/\/citam.com\/ca\/wp-json\/wp\/v2\/pages\/3653\/revisions\/3779"}],"wp:featuredmedia":[{"embeddable":true,"href":"https:\/\/citam.com\/ca\/wp-json\/wp\/v2\/media\/3596"}],"wp:attachment":[{"href":"https:\/\/citam.com\/ca\/wp-json\/wp\/v2\/media?parent=3653"}],"curies":[{"name":"wp","href":"https:\/\/api.w.org\/{rel}","templated":true}]}}