{"id":3661,"date":"2026-01-27T10:08:37","date_gmt":"2026-01-27T09:08:37","guid":{"rendered":"https:\/\/citam.com\/te-contactamos-reclamaciones\/"},"modified":"2026-01-27T11:21:25","modified_gmt":"2026-01-27T10:21:25","slug":"te-contactamos-reclamaciones","status":"publish","type":"page","link":"https:\/\/citam.com\/ca\/te-contactamos-reclamaciones\/","title":{"rendered":"Te Contactamos &#8211; Reclamaciones"},"content":{"rendered":"\t\t<div data-elementor-type=\"wp-page\" data-elementor-id=\"3661\" class=\"elementor elementor-3661 elementor-3602\">\n\t\t\t\t<div class=\"elementor-element elementor-element-426e0b4 e-flex e-con-boxed e-con e-parent\" data-id=\"426e0b4\" data-element_type=\"container\" data-e-type=\"container\">\n\t\t\t\t\t<div class=\"e-con-inner\">\n\t\t\t\t<div class=\"elementor-element elementor-element-172959c elementor-widget elementor-widget-spacer\" data-id=\"172959c\" data-element_type=\"widget\" data-e-type=\"widget\" data-widget_type=\"spacer.default\">\n\t\t\t\t<div class=\"elementor-widget-container\">\n\t\t\t\t\t\t\t<div class=\"elementor-spacer\">\n\t\t\t<div class=\"elementor-spacer-inner\"><\/div>\n\t\t<\/div>\n\t\t\t\t\t\t<\/div>\n\t\t\t\t<\/div>\n\t\t<div class=\"elementor-element elementor-element-862871c e-flex e-con-boxed e-con e-child\" data-id=\"862871c\" data-element_type=\"container\" data-e-type=\"container\">\n\t\t\t\t\t<div class=\"e-con-inner\">\n\t\t\t\t<div class=\"elementor-element elementor-element-f57020e elementor-widget elementor-widget-text-editor\" data-id=\"f57020e\" data-element_type=\"widget\" data-e-type=\"widget\" data-widget_type=\"text-editor.default\">\n\t\t\t\t<div class=\"elementor-widget-container\">\n\t\t\t\t\t\t\t\t\t<h2 style=\"text-align: center;\"><span style=\"color: #004f59;\"><strong>Contacteu-nos i us assessorarem personalment<\/strong><\/span><\/h2>\n<h3 style=\"text-align: center;\"><span style=\"font-size: 18px;\"><strong>Reclamacions per llistes d&#8217;espera \u00b7 Reclamacions per neglig\u00e8ncia m\u00e8dica<\/strong><\/span><\/h3>\n<h4 style=\"text-align: center;\"><span style=\"font-size: 18px;\"><strong>Ompliu el formulari seg\u00fcent<\/strong><\/span><\/h4>\t\t\t\t\t\t\t\t<\/div>\n\t\t\t\t<\/div>\n\t\t\t\t<div class=\"elementor-element elementor-element-9416393 elementor-widget-divider--view-line elementor-widget elementor-widget-divider\" data-id=\"9416393\" data-element_type=\"widget\" data-e-type=\"widget\" data-widget_type=\"divider.default\">\n\t\t\t\t<div class=\"elementor-widget-container\">\n\t\t\t\t\t\t\t<div class=\"elementor-divider\">\n\t\t\t<span class=\"elementor-divider-separator\">\n\t\t\t\t\t\t<\/span>\n\t\t<\/div>\n\t\t\t\t\t\t<\/div>\n\t\t\t\t<\/div>\n\t\t\t\t\t<\/div>\n\t\t\t\t<\/div>\n\t\t\t\t<div class=\"elementor-element elementor-element-bb95098 elementor-widget elementor-widget-shortcode\" data-id=\"bb95098\" data-element_type=\"widget\" data-e-type=\"widget\" data-widget_type=\"shortcode.default\">\n\t\t\t\t<div class=\"elementor-widget-container\">\n\t\t\t\t\t\t\t<div class=\"elementor-shortcode\">\n<div class=\"wpcf7 no-js\" id=\"wpcf7-f3660-o1\" lang=\"ca\" dir=\"ltr\" data-wpcf7-id=\"3660\">\n<div class=\"screen-reader-response\"><p role=\"status\" aria-live=\"polite\" aria-atomic=\"true\"><\/p> <ul><\/ul><\/div>\n<form action=\"\/ca\/wp-json\/wp\/v2\/pages\/3661#wpcf7-f3660-o1\" method=\"post\" class=\"wpcf7-form init\" aria-label=\"Formulari de contacte\" novalidate=\"novalidate\" data-status=\"init\">\n<fieldset class=\"hidden-fields-container\"><input type=\"hidden\" name=\"_wpcf7\" value=\"3660\" \/><input type=\"hidden\" name=\"_wpcf7_version\" value=\"6.1.5\" \/><input type=\"hidden\" name=\"_wpcf7_locale\" value=\"ca\" \/><input type=\"hidden\" name=\"_wpcf7_unit_tag\" value=\"wpcf7-f3660-o1\" \/><input type=\"hidden\" name=\"_wpcf7_container_post\" value=\"0\" \/><input type=\"hidden\" name=\"_wpcf7_posted_data_hash\" value=\"\" \/><input type=\"hidden\" name=\"_wpcf7dtx_version\" value=\"5.0.5\" \/><input type=\"hidden\" name=\"_wpcf7_recaptcha_response\" value=\"\" \/>\n<\/fieldset>\n<h2>Ens posarem en contacte amb vost\u00e8<\/h2>\n<ul>\n<li><span class=\"wpcf7-form-control-wrap\" data-name=\"txt-nombre\"><input size=\"40\" maxlength=\"400\" class=\"wpcf7-form-control wpcf7-text wpcf7-validates-as-required\" aria-required=\"true\" aria-invalid=\"false\" placeholder=\"Nom *\" value=\"\" type=\"text\" name=\"txt-nombre\" \/><\/span><span id=\"wpcf7-69e36254a0371-wrapper\" class=\"wpcf7-form-control-wrap e-mail-wrap\" ><label for=\"e-mail\" class=\"hp-message\">Deixeu aquest camp buit.<\/label><input id=\"e-mail\"  class=\"wpcf7-form-control wpcf7-text e-mail\" type=\"text\" name=\"e-mail\" value=\"\" size=\"40\" tabindex=\"-1\" autocomplete=\"new-password\" \/><\/span><\/li>\n<li><span class=\"wpcf7-form-control-wrap\" data-name=\"txt-apellido\"><input size=\"40\" maxlength=\"400\" class=\"wpcf7-form-control wpcf7-text wpcf7-validates-as-required\" aria-required=\"true\" aria-invalid=\"false\" placeholder=\"Cognom *\" value=\"\" type=\"text\" name=\"txt-apellido\" \/><\/span><span id=\"wpcf7-69e36254a0489-wrapper\" class=\"wpcf7-form-control-wrap email-wrap\" ><label for=\"email\" class=\"hp-message\">Deixeu aquest camp buit.<\/label><input id=\"email\"  class=\"wpcf7-form-control wpcf7-text email\" type=\"text\" name=\"email\" value=\"\" size=\"40\" tabindex=\"-1\" autocomplete=\"new-password\" \/><\/span><\/li>\n<li><span class=\"wpcf7-form-control-wrap\" data-name=\"txt-fono\"><input size=\"40\" maxlength=\"400\" class=\"wpcf7-form-control wpcf7-tel wpcf7-validates-as-required wpcf7-text wpcf7-validates-as-tel\" aria-required=\"true\" aria-invalid=\"false\" placeholder=\"M\u00f2bil *\" value=\"\" type=\"tel\" name=\"txt-fono\" \/><\/span><\/li>\n<li><span class=\"wpcf7-form-control-wrap\" data-name=\"txt-emilio\"><input size=\"40\" maxlength=\"400\" class=\"wpcf7-form-control wpcf7-email wpcf7-validates-as-required wpcf7-text wpcf7-validates-as-email\" aria-required=\"true\" aria-invalid=\"false\" placeholder=\"Correu electr\u00f2nic *\" value=\"\" type=\"email\" name=\"txt-emilio\" \/><\/span><span id=\"wpcf7-69e36254a05e8-wrapper\" class=\"wpcf7-form-control-wrap mail-wrap\" ><label for=\"mail\" class=\"hp-message\">Deixeu aquest camp buit.<\/label><input id=\"mail\"  class=\"wpcf7-form-control wpcf7-text mail\" type=\"text\" name=\"mail\" value=\"\" size=\"40\" tabindex=\"-1\" autocomplete=\"new-password\" \/><\/span><\/li>\n<li class=\"checkgroup spaced\"><label>Prefer\u00e8ncia de contacte<\/label><span class=\"wpcf7-form-control-wrap\" data-name=\"cbg-preferencia\"><span class=\"wpcf7-form-control wpcf7-checkbox\"><span class=\"wpcf7-list-item first\"><input type=\"checkbox\" name=\"cbg-preferencia[]\" value=\"E-mail\" \/><span class=\"wpcf7-list-item-label\">E-mail<\/span><\/span><span class=\"wpcf7-list-item\"><input type=\"checkbox\" name=\"cbg-preferencia[]\" value=\"Tel\u00e8fon\" \/><span class=\"wpcf7-list-item-label\">Tel\u00e8fon<\/span><\/span><span class=\"wpcf7-list-item last\"><input type=\"checkbox\" name=\"cbg-preferencia[]\" value=\"WhatsApp\" \/><span class=\"wpcf7-list-item-label\">WhatsApp<\/span><\/span><\/span><\/span><\/li>\n<li><span class=\"wpcf7-form-control-wrap\" data-name=\"txt-mensaje\"><textarea cols=\"40\" rows=\"10\" maxlength=\"2000\" class=\"wpcf7-form-control wpcf7-textarea wpcf7-validates-as-required\" aria-required=\"true\" aria-invalid=\"false\" placeholder=\"Comentaris\" name=\"txt-mensaje\"><\/textarea><\/span><\/li>\n<li class=\"acepto-obligatorio acepto obligatorio\"><span class=\"wpcf7-form-control-wrap\" data-name=\"acceptance-717\"><span class=\"wpcf7-form-control wpcf7-acceptance\"><span class=\"wpcf7-list-item\"><input type=\"checkbox\" name=\"acceptance-717\" value=\"1\" aria-invalid=\"false\" \/><\/span><\/span><\/span> He llegit i accepto el <a href=\"https:\/\/citam.com\/politica-de-privacidad\/\" target=\"_blank\">Pol\u00edtica de Privacidad<\/a> <small>(*) Camps obligatoris<\/small><\/li>\n<li><input class=\"wpcf7-form-control wpcf7-submit has-spinner button\" type=\"submit\" value=\"ENVIAR\" \/> <\/li>\n<\/ul><div class=\"wpcf7-response-output\" aria-hidden=\"true\"><\/div>\n<\/form>\n<\/div>\n<\/div>\n\t\t\t\t\t\t<\/div>\n\t\t\t\t<\/div>\n\t\t\t\t<div class=\"elementor-element elementor-element-14f97b7 elementor-widget elementor-widget-spacer\" data-id=\"14f97b7\" data-element_type=\"widget\" data-e-type=\"widget\" data-widget_type=\"spacer.default\">\n\t\t\t\t<div class=\"elementor-widget-container\">\n\t\t\t\t\t\t\t<div class=\"elementor-spacer\">\n\t\t\t<div class=\"elementor-spacer-inner\"><\/div>\n\t\t<\/div>\n\t\t\t\t\t\t<\/div>\n\t\t\t\t<\/div>\n\t\t\t\t\t<\/div>\n\t\t\t\t<\/div>\n\t\t\t\t<\/div>\n\t\t","protected":false},"excerpt":{"rendered":"<p>Contacteu-nos i us assessorarem personalment Reclamacions per llistes d&#8217;espera \u00b7 Reclamacions per neglig\u00e8ncia m\u00e8dica Ompliu el formulari seg\u00fcent<\/p>\n","protected":false},"author":2,"featured_media":3596,"parent":0,"menu_order":0,"comment_status":"closed","ping_status":"closed","template":"","meta":{"_uf_show_specific_survey":0,"_uf_disable_surveys":false,"footnotes":""},"class_list":["post-3661","page","type-page","status-publish","has-post-thumbnail","hentry"],"yoast_head":"<!-- This site is optimized with the Yoast SEO plugin v27.4 - https:\/\/yoast.com\/product\/yoast-seo-wordpress\/ -->\n<title>Ens posarem en contacte amb vost\u00e8 - Queixes | Citam<\/title>\n<meta name=\"description\" content=\"Somos especialistas en negligencias m\u00e9dicas y demoras en el tratamiento por listas de espera..\" \/>\n<meta name=\"robots\" content=\"index, follow, max-snippet:-1, max-image-preview:large, max-video-preview:-1\" \/>\n<link rel=\"canonical\" href=\"https:\/\/citam.com\/ca\/te-contactamos-reclamaciones\/\" \/>\n<meta property=\"og:locale\" content=\"ca_ES\" \/>\n<meta property=\"og:type\" content=\"article\" \/>\n<meta property=\"og:title\" content=\"Ens posarem en contacte amb vost\u00e8 - Queixes | Citam\" \/>\n<meta property=\"og:description\" content=\"Somos especialistas en negligencias m\u00e9dicas y demoras en el tratamiento por listas de espera..\" \/>\n<meta property=\"og:url\" content=\"https:\/\/citam.com\/ca\/te-contactamos-reclamaciones\/\" \/>\n<meta property=\"og:site_name\" content=\"Citam\" \/>\n<meta property=\"article:modified_time\" content=\"2026-01-27T10:21:25+00:00\" \/>\n<meta property=\"og:image\" content=\"https:\/\/citam.com\/wp-content\/uploads\/2026\/01\/Citam-Reclamaciones-por-Lista-de-Espera.jpg\" \/>\n\t<meta property=\"og:image:width\" content=\"2200\" \/>\n\t<meta property=\"og:image:height\" content=\"960\" \/>\n\t<meta property=\"og:image:type\" content=\"image\/jpeg\" \/>\n<meta name=\"twitter:card\" content=\"summary_large_image\" \/>\n<meta name=\"twitter:label1\" content=\"Temps estimat de lectura\" \/>\n\t<meta name=\"twitter:data1\" content=\"1 minut\" \/>\n<script type=\"application\/ld+json\" class=\"yoast-schema-graph\">{\"@context\":\"https:\\\/\\\/schema.org\",\"@graph\":[{\"@type\":\"WebPage\",\"@id\":\"https:\\\/\\\/citam.com\\\/ca\\\/te-contactamos-reclamaciones\\\/\",\"url\":\"https:\\\/\\\/citam.com\\\/ca\\\/te-contactamos-reclamaciones\\\/\",\"name\":\"Ens posarem en contacte amb vost\u00e8 - Queixes | Citam\",\"isPartOf\":{\"@id\":\"https:\\\/\\\/citam.com\\\/ca\\\/#website\"},\"primaryImageOfPage\":{\"@id\":\"https:\\\/\\\/citam.com\\\/ca\\\/te-contactamos-reclamaciones\\\/#primaryimage\"},\"image\":{\"@id\":\"https:\\\/\\\/citam.com\\\/ca\\\/te-contactamos-reclamaciones\\\/#primaryimage\"},\"thumbnailUrl\":\"https:\\\/\\\/citam.com\\\/wp-content\\\/uploads\\\/2026\\\/01\\\/Citam-Reclamaciones-por-Lista-de-Espera.jpg\",\"datePublished\":\"2026-01-27T09:08:37+00:00\",\"dateModified\":\"2026-01-27T10:21:25+00:00\",\"description\":\"Somos especialistas en negligencias m\u00e9dicas y demoras en el tratamiento por listas de espera..\",\"breadcrumb\":{\"@id\":\"https:\\\/\\\/citam.com\\\/ca\\\/te-contactamos-reclamaciones\\\/#breadcrumb\"},\"inLanguage\":\"ca\",\"potentialAction\":[{\"@type\":\"ReadAction\",\"target\":[\"https:\\\/\\\/citam.com\\\/ca\\\/te-contactamos-reclamaciones\\\/\"]}]},{\"@type\":\"ImageObject\",\"inLanguage\":\"ca\",\"@id\":\"https:\\\/\\\/citam.com\\\/ca\\\/te-contactamos-reclamaciones\\\/#primaryimage\",\"url\":\"https:\\\/\\\/citam.com\\\/wp-content\\\/uploads\\\/2026\\\/01\\\/Citam-Reclamaciones-por-Lista-de-Espera.jpg\",\"contentUrl\":\"https:\\\/\\\/citam.com\\\/wp-content\\\/uploads\\\/2026\\\/01\\\/Citam-Reclamaciones-por-Lista-de-Espera.jpg\",\"width\":2200,\"height\":960,\"caption\":\"Citam-Reclamaciones-por-Lista-de-Espera\"},{\"@type\":\"BreadcrumbList\",\"@id\":\"https:\\\/\\\/citam.com\\\/ca\\\/te-contactamos-reclamaciones\\\/#breadcrumb\",\"itemListElement\":[{\"@type\":\"ListItem\",\"position\":1,\"name\":\"Inici\",\"item\":\"https:\\\/\\\/citam.com\\\/ca\\\/\"},{\"@type\":\"ListItem\",\"position\":2,\"name\":\"Te Contactamos &#8211; Reclamaciones\"}]},{\"@type\":\"WebSite\",\"@id\":\"https:\\\/\\\/citam.com\\\/ca\\\/#website\",\"url\":\"https:\\\/\\\/citam.com\\\/ca\\\/\",\"name\":\"Citam\",\"description\":\"somos un equipo de atenci\u00f3n medica inmediata y sin necesidad de seguro\",\"publisher\":{\"@id\":\"https:\\\/\\\/citam.com\\\/ca\\\/#organization\"},\"alternateName\":\"citam.com\",\"potentialAction\":[{\"@type\":\"SearchAction\",\"target\":{\"@type\":\"EntryPoint\",\"urlTemplate\":\"https:\\\/\\\/citam.com\\\/ca\\\/?s={search_term_string}\"},\"query-input\":{\"@type\":\"PropertyValueSpecification\",\"valueRequired\":true,\"valueName\":\"search_term_string\"}}],\"inLanguage\":\"ca\"},{\"@type\":\"Organization\",\"@id\":\"https:\\\/\\\/citam.com\\\/ca\\\/#organization\",\"name\":\"Citam\",\"url\":\"https:\\\/\\\/citam.com\\\/ca\\\/\",\"logo\":{\"@type\":\"ImageObject\",\"inLanguage\":\"ca\",\"@id\":\"https:\\\/\\\/citam.com\\\/ca\\\/#\\\/schema\\\/logo\\\/image\\\/\",\"url\":\"https:\\\/\\\/citam.com\\\/wp-content\\\/uploads\\\/2024\\\/03\\\/citam-logo-principal.png\",\"contentUrl\":\"https:\\\/\\\/citam.com\\\/wp-content\\\/uploads\\\/2024\\\/03\\\/citam-logo-principal.png\",\"width\":290,\"height\":80,\"caption\":\"Citam\"},\"image\":{\"@id\":\"https:\\\/\\\/citam.com\\\/ca\\\/#\\\/schema\\\/logo\\\/image\\\/\"}}]}<\/script>\n<!-- \/ Yoast SEO plugin. -->","yoast_head_json":{"title":"Ens posarem en contacte amb vost\u00e8 - Queixes | Citam","description":"Somos especialistas en negligencias m\u00e9dicas y demoras en el tratamiento por listas de espera..","robots":{"index":"index","follow":"follow","max-snippet":"max-snippet:-1","max-image-preview":"max-image-preview:large","max-video-preview":"max-video-preview:-1"},"canonical":"https:\/\/citam.com\/ca\/te-contactamos-reclamaciones\/","og_locale":"ca_ES","og_type":"article","og_title":"Ens posarem en contacte amb vost\u00e8 - Queixes | Citam","og_description":"Somos especialistas en negligencias m\u00e9dicas y demoras en el tratamiento por listas de espera..","og_url":"https:\/\/citam.com\/ca\/te-contactamos-reclamaciones\/","og_site_name":"Citam","article_modified_time":"2026-01-27T10:21:25+00:00","og_image":[{"width":2200,"height":960,"url":"https:\/\/citam.com\/wp-content\/uploads\/2026\/01\/Citam-Reclamaciones-por-Lista-de-Espera.jpg","type":"image\/jpeg"}],"twitter_card":"summary_large_image","twitter_misc":{"Temps estimat de lectura":"1 minut"},"schema":{"@context":"https:\/\/schema.org","@graph":[{"@type":"WebPage","@id":"https:\/\/citam.com\/ca\/te-contactamos-reclamaciones\/","url":"https:\/\/citam.com\/ca\/te-contactamos-reclamaciones\/","name":"Ens posarem en contacte amb vost\u00e8 - Queixes | Citam","isPartOf":{"@id":"https:\/\/citam.com\/ca\/#website"},"primaryImageOfPage":{"@id":"https:\/\/citam.com\/ca\/te-contactamos-reclamaciones\/#primaryimage"},"image":{"@id":"https:\/\/citam.com\/ca\/te-contactamos-reclamaciones\/#primaryimage"},"thumbnailUrl":"https:\/\/citam.com\/wp-content\/uploads\/2026\/01\/Citam-Reclamaciones-por-Lista-de-Espera.jpg","datePublished":"2026-01-27T09:08:37+00:00","dateModified":"2026-01-27T10:21:25+00:00","description":"Somos especialistas en negligencias m\u00e9dicas y demoras en el tratamiento por listas de espera..","breadcrumb":{"@id":"https:\/\/citam.com\/ca\/te-contactamos-reclamaciones\/#breadcrumb"},"inLanguage":"ca","potentialAction":[{"@type":"ReadAction","target":["https:\/\/citam.com\/ca\/te-contactamos-reclamaciones\/"]}]},{"@type":"ImageObject","inLanguage":"ca","@id":"https:\/\/citam.com\/ca\/te-contactamos-reclamaciones\/#primaryimage","url":"https:\/\/citam.com\/wp-content\/uploads\/2026\/01\/Citam-Reclamaciones-por-Lista-de-Espera.jpg","contentUrl":"https:\/\/citam.com\/wp-content\/uploads\/2026\/01\/Citam-Reclamaciones-por-Lista-de-Espera.jpg","width":2200,"height":960,"caption":"Citam-Reclamaciones-por-Lista-de-Espera"},{"@type":"BreadcrumbList","@id":"https:\/\/citam.com\/ca\/te-contactamos-reclamaciones\/#breadcrumb","itemListElement":[{"@type":"ListItem","position":1,"name":"Inici","item":"https:\/\/citam.com\/ca\/"},{"@type":"ListItem","position":2,"name":"Te Contactamos &#8211; Reclamaciones"}]},{"@type":"WebSite","@id":"https:\/\/citam.com\/ca\/#website","url":"https:\/\/citam.com\/ca\/","name":"Citam","description":"somos un equipo de atenci\u00f3n medica inmediata y sin necesidad de seguro","publisher":{"@id":"https:\/\/citam.com\/ca\/#organization"},"alternateName":"citam.com","potentialAction":[{"@type":"SearchAction","target":{"@type":"EntryPoint","urlTemplate":"https:\/\/citam.com\/ca\/?s={search_term_string}"},"query-input":{"@type":"PropertyValueSpecification","valueRequired":true,"valueName":"search_term_string"}}],"inLanguage":"ca"},{"@type":"Organization","@id":"https:\/\/citam.com\/ca\/#organization","name":"Citam","url":"https:\/\/citam.com\/ca\/","logo":{"@type":"ImageObject","inLanguage":"ca","@id":"https:\/\/citam.com\/ca\/#\/schema\/logo\/image\/","url":"https:\/\/citam.com\/wp-content\/uploads\/2024\/03\/citam-logo-principal.png","contentUrl":"https:\/\/citam.com\/wp-content\/uploads\/2024\/03\/citam-logo-principal.png","width":290,"height":80,"caption":"Citam"},"image":{"@id":"https:\/\/citam.com\/ca\/#\/schema\/logo\/image\/"}}]}},"_links":{"self":[{"href":"https:\/\/citam.com\/ca\/wp-json\/wp\/v2\/pages\/3661","targetHints":{"allow":["GET"]}}],"collection":[{"href":"https:\/\/citam.com\/ca\/wp-json\/wp\/v2\/pages"}],"about":[{"href":"https:\/\/citam.com\/ca\/wp-json\/wp\/v2\/types\/page"}],"author":[{"embeddable":true,"href":"https:\/\/citam.com\/ca\/wp-json\/wp\/v2\/users\/2"}],"replies":[{"embeddable":true,"href":"https:\/\/citam.com\/ca\/wp-json\/wp\/v2\/comments?post=3661"}],"version-history":[{"count":7,"href":"https:\/\/citam.com\/ca\/wp-json\/wp\/v2\/pages\/3661\/revisions"}],"predecessor-version":[{"id":3669,"href":"https:\/\/citam.com\/ca\/wp-json\/wp\/v2\/pages\/3661\/revisions\/3669"}],"wp:featuredmedia":[{"embeddable":true,"href":"https:\/\/citam.com\/ca\/wp-json\/wp\/v2\/media\/3596"}],"wp:attachment":[{"href":"https:\/\/citam.com\/ca\/wp-json\/wp\/v2\/media?parent=3661"}],"curies":[{"name":"wp","href":"https:\/\/api.w.org\/{rel}","templated":true}]}}